

{"id":27483,"date":"2020-04-13T18:47:45","date_gmt":"2020-04-13T22:47:45","guid":{"rendered":"http:\/\/www.cne.cl\/?page_id=27483"},"modified":"2020-08-12T11:40:33","modified_gmt":"2020-08-12T15:40:33","slug":"presidente-pinera-anuncio-beneficios-para-facilitar-pago-de-cuentas-de-luz","status":"publish","type":"page","link":"https:\/\/www.cne.cl\/en\/prensa\/prensa-2020\/04-abril\/presidente-pinera-anuncio-beneficios-para-facilitar-pago-de-cuentas-de-luz\/","title":{"rendered":"(Espa\u00f1ol) Presidente Pi\u00f1era anunci\u00f3 beneficios para facilitar pago de cuentas de luz"},"content":{"rendered":"<p class=\"qtranxs-available-languages-message qtranxs-available-languages-message-en\">Sorry, this entry is only available in <a href=\"https:\/\/www.cne.cl\/es\/wp-json\/wp\/v2\/pages\/27483\" class=\"qtranxs-available-language-link qtranxs-available-language-link-es\" title=\"Espa\u00f1ol\">European Spanish<\/a>.<\/p>","protected":false},"excerpt":{"rendered":"<p>Sorry, this entry is only available in European Spanish.<\/p>\n","protected":false},"author":3,"featured_media":27484,"parent":27367,"menu_order":1,"comment_status":"closed","ping_status":"closed","template":"entrada-prensa.php","meta":[],"_links":{"self":[{"href":"https:\/\/www.cne.cl\/en\/wp-json\/wp\/v2\/pages\/27483"}],"collection":[{"href":"https:\/\/www.cne.cl\/en\/wp-json\/wp\/v2\/pages"}],"about":[{"href":"https:\/\/www.cne.cl\/en\/wp-json\/wp\/v2\/types\/page"}],"author":[{"embeddable":true,"href":"https:\/\/www.cne.cl\/en\/wp-json\/wp\/v2\/users\/3"}],"replies":[{"embeddable":true,"href":"https:\/\/www.cne.cl\/en\/wp-json\/wp\/v2\/comments?post=27483"}],"version-history":[{"count":4,"href":"https:\/\/www.cne.cl\/en\/wp-json\/wp\/v2\/pages\/27483\/revisions"}],"predecessor-version":[{"id":29927,"href":"https:\/\/www.cne.cl\/en\/wp-json\/wp\/v2\/pages\/27483\/revisions\/29927"}],"up":[{"embeddable":true,"href":"https:\/\/www.cne.cl\/en\/wp-json\/wp\/v2\/pages\/27367"}],"wp:featuredmedia":[{"embeddable":true,"href":"https:\/\/www.cne.cl\/en\/wp-json\/wp\/v2\/media\/27484"}],"wp:attachment":[{"href":"https:\/\/www.cne.cl\/en\/wp-json\/wp\/v2\/media?parent=27483"}],"curies":[{"name":"wp","href":"https:\/\/api.w.org\/{rel}","templated":true}]}}