

{"id":26352,"date":"2020-02-12T15:14:58","date_gmt":"2020-02-12T18:14:58","guid":{"rendered":"http:\/\/www.cne.cl\/?page_id=26352"},"modified":"2020-02-28T09:39:56","modified_gmt":"2020-02-28T12:39:56","slug":"laura-contreras-asume-como-jefa-de-la-nueva-unidad-de-asesoria-juridica-regulatoria-de-la-cne","status":"publish","type":"page","link":"https:\/\/www.cne.cl\/en\/prensa\/prensa-2020\/01-enero\/laura-contreras-asume-como-jefa-de-la-nueva-unidad-de-asesoria-juridica-regulatoria-de-la-cne\/","title":{"rendered":"(Espa\u00f1ol) Laura Contreras asume como jefa de la nueva Unidad de Asesor\u00eda Jur\u00eddica Regulatoria  de la CNE"},"content":{"rendered":"<p class=\"qtranxs-available-languages-message qtranxs-available-languages-message-en\">Sorry, this entry is only available in <a href=\"https:\/\/www.cne.cl\/es\/wp-json\/wp\/v2\/pages\/26352\" class=\"qtranxs-available-language-link qtranxs-available-language-link-es\" title=\"Espa\u00f1ol\">European Spanish<\/a>.<\/p>","protected":false},"excerpt":{"rendered":"<p>Sorry, this entry is only available in European Spanish.<\/p>\n","protected":false},"author":3,"featured_media":26353,"parent":25386,"menu_order":1,"comment_status":"closed","ping_status":"closed","template":"entrada-prensa.php","meta":[],"_links":{"self":[{"href":"https:\/\/www.cne.cl\/en\/wp-json\/wp\/v2\/pages\/26352"}],"collection":[{"href":"https:\/\/www.cne.cl\/en\/wp-json\/wp\/v2\/pages"}],"about":[{"href":"https:\/\/www.cne.cl\/en\/wp-json\/wp\/v2\/types\/page"}],"author":[{"embeddable":true,"href":"https:\/\/www.cne.cl\/en\/wp-json\/wp\/v2\/users\/3"}],"replies":[{"embeddable":true,"href":"https:\/\/www.cne.cl\/en\/wp-json\/wp\/v2\/comments?post=26352"}],"version-history":[{"count":4,"href":"https:\/\/www.cne.cl\/en\/wp-json\/wp\/v2\/pages\/26352\/revisions"}],"predecessor-version":[{"id":26588,"href":"https:\/\/www.cne.cl\/en\/wp-json\/wp\/v2\/pages\/26352\/revisions\/26588"}],"up":[{"embeddable":true,"href":"https:\/\/www.cne.cl\/en\/wp-json\/wp\/v2\/pages\/25386"}],"wp:featuredmedia":[{"embeddable":true,"href":"https:\/\/www.cne.cl\/en\/wp-json\/wp\/v2\/media\/26353"}],"wp:attachment":[{"href":"https:\/\/www.cne.cl\/en\/wp-json\/wp\/v2\/media?parent=26352"}],"curies":[{"name":"wp","href":"https:\/\/api.w.org\/{rel}","templated":true}]}}