

{"id":26344,"date":"2020-02-11T12:53:42","date_gmt":"2020-02-11T15:53:42","guid":{"rendered":"http:\/\/www.cne.cl\/?page_id=26344"},"modified":"2020-02-11T12:53:42","modified_gmt":"2020-02-11T15:53:42","slug":"comision-nacional-de-energia-informa-modificacion-a-bases-de-licitacion-de-suministro-electrico-para-clientes-regulados","status":"publish","type":"page","link":"https:\/\/www.cne.cl\/en\/prensa\/prensa-2020\/01-enero\/comision-nacional-de-energia-informa-modificacion-a-bases-de-licitacion-de-suministro-electrico-para-clientes-regulados\/","title":{"rendered":"(Espa\u00f1ol) Comisi\u00f3n Nacional de Energ\u00eda informa modificaci\u00f3n a Bases de Licitaci\u00f3n de Suministro El\u00e9ctrico para clientes regulados"},"content":{"rendered":"<p class=\"qtranxs-available-languages-message qtranxs-available-languages-message-en\">Sorry, this entry is only available in <a href=\"https:\/\/www.cne.cl\/es\/wp-json\/wp\/v2\/pages\/26344\" class=\"qtranxs-available-language-link qtranxs-available-language-link-es\" title=\"Espa\u00f1ol\">European Spanish<\/a>.<\/p>","protected":false},"excerpt":{"rendered":"<p>Sorry, this entry is only available in European Spanish.<\/p>\n","protected":false},"author":3,"featured_media":0,"parent":25386,"menu_order":0,"comment_status":"closed","ping_status":"closed","template":"entrada-prensa.php","meta":[],"_links":{"self":[{"href":"https:\/\/www.cne.cl\/en\/wp-json\/wp\/v2\/pages\/26344"}],"collection":[{"href":"https:\/\/www.cne.cl\/en\/wp-json\/wp\/v2\/pages"}],"about":[{"href":"https:\/\/www.cne.cl\/en\/wp-json\/wp\/v2\/types\/page"}],"author":[{"embeddable":true,"href":"https:\/\/www.cne.cl\/en\/wp-json\/wp\/v2\/users\/3"}],"replies":[{"embeddable":true,"href":"https:\/\/www.cne.cl\/en\/wp-json\/wp\/v2\/comments?post=26344"}],"version-history":[{"count":1,"href":"https:\/\/www.cne.cl\/en\/wp-json\/wp\/v2\/pages\/26344\/revisions"}],"predecessor-version":[{"id":26345,"href":"https:\/\/www.cne.cl\/en\/wp-json\/wp\/v2\/pages\/26344\/revisions\/26345"}],"up":[{"embeddable":true,"href":"https:\/\/www.cne.cl\/en\/wp-json\/wp\/v2\/pages\/25386"}],"wp:attachment":[{"href":"https:\/\/www.cne.cl\/en\/wp-json\/wp\/v2\/media?parent=26344"}],"curies":[{"name":"wp","href":"https:\/\/api.w.org\/{rel}","templated":true}]}}