

{"id":25387,"date":"2020-01-13T11:36:41","date_gmt":"2020-01-13T14:36:41","guid":{"rendered":"http:\/\/www.cne.cl\/prensa\/prensa-2020\/01-enero\/comision-nacional-de-energia-emite-informe-tecnico-preliminar-del-plan-de-expansion-de-la-transmision\/"},"modified":"2020-01-24T10:16:06","modified_gmt":"2020-01-24T13:16:06","slug":"comision-nacional-de-energia-emite-informe-tecnico-preliminar-del-plan-de-expansion-de-la-transmision","status":"publish","type":"page","link":"https:\/\/www.cne.cl\/en\/prensa\/prensa-2020\/01-enero\/comision-nacional-de-energia-emite-informe-tecnico-preliminar-del-plan-de-expansion-de-la-transmision\/","title":{"rendered":"Comisi\u00f3n Nacional de Energ\u00eda emite Informe T\u00e9cnico Preliminar del Plan de Expansi\u00f3n de la Transmisi\u00f3n"},"content":{"rendered":"<p class=\"qtranxs-available-languages-message qtranxs-available-languages-message-en\">Sorry, this entry is only available in <a href=\"https:\/\/www.cne.cl\/es\/wp-json\/wp\/v2\/pages\/25387\" class=\"qtranxs-available-language-link qtranxs-available-language-link-es\" title=\"Espa\u00f1ol\">European Spanish<\/a>.<\/p>","protected":false},"excerpt":{"rendered":"<p>Sorry, this entry is only available in European Spanish.<\/p>\n","protected":false},"author":1,"featured_media":25595,"parent":25386,"menu_order":5,"comment_status":"closed","ping_status":"closed","template":"entrada-prensa.php","meta":[],"_links":{"self":[{"href":"https:\/\/www.cne.cl\/en\/wp-json\/wp\/v2\/pages\/25387"}],"collection":[{"href":"https:\/\/www.cne.cl\/en\/wp-json\/wp\/v2\/pages"}],"about":[{"href":"https:\/\/www.cne.cl\/en\/wp-json\/wp\/v2\/types\/page"}],"author":[{"embeddable":true,"href":"https:\/\/www.cne.cl\/en\/wp-json\/wp\/v2\/users\/1"}],"replies":[{"embeddable":true,"href":"https:\/\/www.cne.cl\/en\/wp-json\/wp\/v2\/comments?post=25387"}],"version-history":[{"count":6,"href":"https:\/\/www.cne.cl\/en\/wp-json\/wp\/v2\/pages\/25387\/revisions"}],"predecessor-version":[{"id":25721,"href":"https:\/\/www.cne.cl\/en\/wp-json\/wp\/v2\/pages\/25387\/revisions\/25721"}],"up":[{"embeddable":true,"href":"https:\/\/www.cne.cl\/en\/wp-json\/wp\/v2\/pages\/25386"}],"wp:featuredmedia":[{"embeddable":true,"href":"https:\/\/www.cne.cl\/en\/wp-json\/wp\/v2\/media\/25595"}],"wp:attachment":[{"href":"https:\/\/www.cne.cl\/en\/wp-json\/wp\/v2\/media?parent=25387"}],"curies":[{"name":"wp","href":"https:\/\/api.w.org\/{rel}","templated":true}]}}