

{"id":24438,"date":"2019-12-04T08:49:12","date_gmt":"2019-12-04T11:49:12","guid":{"rendered":"http:\/\/www.cne.cl\/?page_id=24438"},"modified":"2020-01-17T09:37:54","modified_gmt":"2020-01-17T12:37:54","slug":"agencia-nacional-de-energia-electrica-de-brasil-se-reune-con-cne","status":"publish","type":"page","link":"https:\/\/www.cne.cl\/en\/prensa\/prensa-2019\/12-diciembre\/agencia-nacional-de-energia-electrica-de-brasil-se-reune-con-cne\/","title":{"rendered":"(Espa\u00f1ol) <br>Agencia Nacional de Energ\u00eda El\u00e9ctrica de Brasil se re\u00fane con CNE"},"content":{"rendered":"<p class=\"qtranxs-available-languages-message qtranxs-available-languages-message-en\">Sorry, this entry is only available in <a href=\"https:\/\/www.cne.cl\/es\/wp-json\/wp\/v2\/pages\/24438\" class=\"qtranxs-available-language-link qtranxs-available-language-link-es\" title=\"Espa\u00f1ol\">European Spanish<\/a>.<\/p>","protected":false},"excerpt":{"rendered":"<p>Sorry, this entry is only available in European Spanish.<\/p>\n","protected":false},"author":3,"featured_media":24481,"parent":24350,"menu_order":2,"comment_status":"closed","ping_status":"closed","template":"entrada-prensa.php","meta":[],"_links":{"self":[{"href":"https:\/\/www.cne.cl\/en\/wp-json\/wp\/v2\/pages\/24438"}],"collection":[{"href":"https:\/\/www.cne.cl\/en\/wp-json\/wp\/v2\/pages"}],"about":[{"href":"https:\/\/www.cne.cl\/en\/wp-json\/wp\/v2\/types\/page"}],"author":[{"embeddable":true,"href":"https:\/\/www.cne.cl\/en\/wp-json\/wp\/v2\/users\/3"}],"replies":[{"embeddable":true,"href":"https:\/\/www.cne.cl\/en\/wp-json\/wp\/v2\/comments?post=24438"}],"version-history":[{"count":9,"href":"https:\/\/www.cne.cl\/en\/wp-json\/wp\/v2\/pages\/24438\/revisions"}],"predecessor-version":[{"id":25609,"href":"https:\/\/www.cne.cl\/en\/wp-json\/wp\/v2\/pages\/24438\/revisions\/25609"}],"up":[{"embeddable":true,"href":"https:\/\/www.cne.cl\/en\/wp-json\/wp\/v2\/pages\/24350"}],"wp:featuredmedia":[{"embeddable":true,"href":"https:\/\/www.cne.cl\/en\/wp-json\/wp\/v2\/media\/24481"}],"wp:attachment":[{"href":"https:\/\/www.cne.cl\/en\/wp-json\/wp\/v2\/media?parent=24438"}],"curies":[{"name":"wp","href":"https:\/\/api.w.org\/{rel}","templated":true}]}}