

{"id":24093,"date":"2019-11-27T11:55:13","date_gmt":"2019-11-27T14:55:13","guid":{"rendered":"http:\/\/www.cne.cl\/?page_id=24093"},"modified":"2025-04-11T12:05:10","modified_gmt":"2025-04-11T16:05:10","slug":"politicas-seguridad-de-la-informacion-de-la-cne","status":"publish","type":"page","link":"https:\/\/www.cne.cl\/en\/politicas-seguridad-de-la-informacion-de-la-cne\/","title":{"rendered":"(Espa\u00f1ol) Pol\u00edticas Seguridad de la Informaci\u00f3n de la CNE"},"content":{"rendered":"<p class=\"qtranxs-available-languages-message qtranxs-available-languages-message-en\">Sorry, this entry is only available in <a href=\"https:\/\/www.cne.cl\/es\/wp-json\/wp\/v2\/pages\/24093\" class=\"qtranxs-available-language-link qtranxs-available-language-link-es\" title=\"Espa\u00f1ol\">European Spanish<\/a>.<\/p>","protected":false},"excerpt":{"rendered":"<p>Sorry, this entry is only available in European Spanish.<\/p>\n","protected":false},"author":3,"featured_media":0,"parent":0,"menu_order":18,"comment_status":"closed","ping_status":"closed","template":"","meta":[],"_links":{"self":[{"href":"https:\/\/www.cne.cl\/en\/wp-json\/wp\/v2\/pages\/24093"}],"collection":[{"href":"https:\/\/www.cne.cl\/en\/wp-json\/wp\/v2\/pages"}],"about":[{"href":"https:\/\/www.cne.cl\/en\/wp-json\/wp\/v2\/types\/page"}],"author":[{"embeddable":true,"href":"https:\/\/www.cne.cl\/en\/wp-json\/wp\/v2\/users\/3"}],"replies":[{"embeddable":true,"href":"https:\/\/www.cne.cl\/en\/wp-json\/wp\/v2\/comments?post=24093"}],"version-history":[{"count":2,"href":"https:\/\/www.cne.cl\/en\/wp-json\/wp\/v2\/pages\/24093\/revisions"}],"predecessor-version":[{"id":55128,"href":"https:\/\/www.cne.cl\/en\/wp-json\/wp\/v2\/pages\/24093\/revisions\/55128"}],"wp:attachment":[{"href":"https:\/\/www.cne.cl\/en\/wp-json\/wp\/v2\/media?parent=24093"}],"curies":[{"name":"wp","href":"https:\/\/api.w.org\/{rel}","templated":true}]}}