

{"id":23866,"date":"2019-11-20T14:10:34","date_gmt":"2019-11-20T17:10:34","guid":{"rendered":"http:\/\/www.cne.cl\/?page_id=23866"},"modified":"2019-12-11T12:39:59","modified_gmt":"2019-12-11T15:39:59","slug":"ministerio-de-energia-presento-estudio-de-interconexion-electrica-arica-tacna","status":"publish","type":"page","link":"https:\/\/www.cne.cl\/en\/prensa\/prensa-2019\/11-noviembre\/ministerio-de-energia-presento-estudio-de-interconexion-electrica-arica-tacna\/","title":{"rendered":"(Espa\u00f1ol) Ministerio de Energ\u00eda present\u00f3 estudio de interconexi\u00f3n el\u00e9ctrica Arica-Tacna"},"content":{"rendered":"<p class=\"qtranxs-available-languages-message qtranxs-available-languages-message-en\">Sorry, this entry is only available in <a href=\"https:\/\/www.cne.cl\/es\/wp-json\/wp\/v2\/pages\/23866\" class=\"qtranxs-available-language-link qtranxs-available-language-link-es\" title=\"Espa\u00f1ol\">European Spanish<\/a>.<\/p>","protected":false},"excerpt":{"rendered":"<p>Sorry, this entry is only available in European Spanish.<\/p>\n","protected":false},"author":3,"featured_media":23867,"parent":23582,"menu_order":2,"comment_status":"closed","ping_status":"closed","template":"entrada-prensa.php","meta":[],"_links":{"self":[{"href":"https:\/\/www.cne.cl\/en\/wp-json\/wp\/v2\/pages\/23866"}],"collection":[{"href":"https:\/\/www.cne.cl\/en\/wp-json\/wp\/v2\/pages"}],"about":[{"href":"https:\/\/www.cne.cl\/en\/wp-json\/wp\/v2\/types\/page"}],"author":[{"embeddable":true,"href":"https:\/\/www.cne.cl\/en\/wp-json\/wp\/v2\/users\/3"}],"replies":[{"embeddable":true,"href":"https:\/\/www.cne.cl\/en\/wp-json\/wp\/v2\/comments?post=23866"}],"version-history":[{"count":3,"href":"https:\/\/www.cne.cl\/en\/wp-json\/wp\/v2\/pages\/23866\/revisions"}],"predecessor-version":[{"id":24428,"href":"https:\/\/www.cne.cl\/en\/wp-json\/wp\/v2\/pages\/23866\/revisions\/24428"}],"up":[{"embeddable":true,"href":"https:\/\/www.cne.cl\/en\/wp-json\/wp\/v2\/pages\/23582"}],"wp:featuredmedia":[{"embeddable":true,"href":"https:\/\/www.cne.cl\/en\/wp-json\/wp\/v2\/media\/23867"}],"wp:attachment":[{"href":"https:\/\/www.cne.cl\/en\/wp-json\/wp\/v2\/media?parent=23866"}],"curies":[{"name":"wp","href":"https:\/\/api.w.org\/{rel}","templated":true}]}}