

{"id":23863,"date":"2019-11-18T12:59:44","date_gmt":"2019-11-18T15:59:44","guid":{"rendered":"http:\/\/www.cne.cl\/?page_id=23863"},"modified":"2019-11-18T12:59:44","modified_gmt":"2019-11-18T15:59:44","slug":"departamento-de-informacion-estadisticas-y-participacion-ciudadana-de-la-cne-cuenta-con-nuevo-jefe","status":"publish","type":"page","link":"https:\/\/www.cne.cl\/en\/prensa\/prensa-2019\/11-noviembre\/departamento-de-informacion-estadisticas-y-participacion-ciudadana-de-la-cne-cuenta-con-nuevo-jefe\/","title":{"rendered":"(Espa\u00f1ol) Departamento de Informaci\u00f3n, Estad\u00edsticas y Participaci\u00f3n Ciudadana de la CNE  cuenta con nuevo jefe"},"content":{"rendered":"<p class=\"qtranxs-available-languages-message qtranxs-available-languages-message-en\">Sorry, this entry is only available in <a href=\"https:\/\/www.cne.cl\/es\/wp-json\/wp\/v2\/pages\/23863\" class=\"qtranxs-available-language-link qtranxs-available-language-link-es\" title=\"Espa\u00f1ol\">European Spanish<\/a>.<\/p>","protected":false},"excerpt":{"rendered":"<p>Sorry, this entry is only available in European Spanish.<\/p>\n","protected":false},"author":3,"featured_media":23864,"parent":23582,"menu_order":1,"comment_status":"closed","ping_status":"closed","template":"entrada-prensa.php","meta":[],"_links":{"self":[{"href":"https:\/\/www.cne.cl\/en\/wp-json\/wp\/v2\/pages\/23863"}],"collection":[{"href":"https:\/\/www.cne.cl\/en\/wp-json\/wp\/v2\/pages"}],"about":[{"href":"https:\/\/www.cne.cl\/en\/wp-json\/wp\/v2\/types\/page"}],"author":[{"embeddable":true,"href":"https:\/\/www.cne.cl\/en\/wp-json\/wp\/v2\/users\/3"}],"replies":[{"embeddable":true,"href":"https:\/\/www.cne.cl\/en\/wp-json\/wp\/v2\/comments?post=23863"}],"version-history":[{"count":1,"href":"https:\/\/www.cne.cl\/en\/wp-json\/wp\/v2\/pages\/23863\/revisions"}],"predecessor-version":[{"id":23865,"href":"https:\/\/www.cne.cl\/en\/wp-json\/wp\/v2\/pages\/23863\/revisions\/23865"}],"up":[{"embeddable":true,"href":"https:\/\/www.cne.cl\/en\/wp-json\/wp\/v2\/pages\/23582"}],"wp:featuredmedia":[{"embeddable":true,"href":"https:\/\/www.cne.cl\/en\/wp-json\/wp\/v2\/media\/23864"}],"wp:attachment":[{"href":"https:\/\/www.cne.cl\/en\/wp-json\/wp\/v2\/media?parent=23863"}],"curies":[{"name":"wp","href":"https:\/\/api.w.org\/{rel}","templated":true}]}}