

{"id":23449,"date":"2019-10-25T13:45:23","date_gmt":"2019-10-25T16:45:23","guid":{"rendered":"http:\/\/www.cne.cl\/prensa\/prensa-2019\/10-octubre\/presidente-pinera-firmo-proyecto-de-ley-que-estabiliza-las-tarifas-electricas\/"},"modified":"2019-11-15T09:34:36","modified_gmt":"2019-11-15T12:34:36","slug":"presidente-pinera-firmo-proyecto-de-ley-que-estabiliza-las-tarifas-electricas","status":"publish","type":"page","link":"https:\/\/www.cne.cl\/en\/prensa\/prensa-2019\/10-octubre\/presidente-pinera-firmo-proyecto-de-ley-que-estabiliza-las-tarifas-electricas\/","title":{"rendered":"Presidente Pi\u00f1era firm\u00f3 proyecto de ley que estabiliza las tarifas el\u00e9ctricas"},"content":{"rendered":"<p class=\"qtranxs-available-languages-message qtranxs-available-languages-message-en\">Sorry, this entry is only available in <a href=\"https:\/\/www.cne.cl\/es\/wp-json\/wp\/v2\/pages\/23449\" class=\"qtranxs-available-language-link qtranxs-available-language-link-es\" title=\"Espa\u00f1ol\">European Spanish<\/a>.<\/p>","protected":false},"excerpt":{"rendered":"<p>Sorry, this entry is only available in European Spanish.<\/p>\n","protected":false},"author":2,"featured_media":23450,"parent":23047,"menu_order":1,"comment_status":"closed","ping_status":"closed","template":"entrada-prensa.php","meta":[],"_links":{"self":[{"href":"https:\/\/www.cne.cl\/en\/wp-json\/wp\/v2\/pages\/23449"}],"collection":[{"href":"https:\/\/www.cne.cl\/en\/wp-json\/wp\/v2\/pages"}],"about":[{"href":"https:\/\/www.cne.cl\/en\/wp-json\/wp\/v2\/types\/page"}],"author":[{"embeddable":true,"href":"https:\/\/www.cne.cl\/en\/wp-json\/wp\/v2\/users\/2"}],"replies":[{"embeddable":true,"href":"https:\/\/www.cne.cl\/en\/wp-json\/wp\/v2\/comments?post=23449"}],"version-history":[{"count":2,"href":"https:\/\/www.cne.cl\/en\/wp-json\/wp\/v2\/pages\/23449\/revisions"}],"predecessor-version":[{"id":23834,"href":"https:\/\/www.cne.cl\/en\/wp-json\/wp\/v2\/pages\/23449\/revisions\/23834"}],"up":[{"embeddable":true,"href":"https:\/\/www.cne.cl\/en\/wp-json\/wp\/v2\/pages\/23047"}],"wp:featuredmedia":[{"embeddable":true,"href":"https:\/\/www.cne.cl\/en\/wp-json\/wp\/v2\/media\/23450"}],"wp:attachment":[{"href":"https:\/\/www.cne.cl\/en\/wp-json\/wp\/v2\/media?parent=23449"}],"curies":[{"name":"wp","href":"https:\/\/api.w.org\/{rel}","templated":true}]}}