

{"id":231,"date":"2015-06-25T05:24:36","date_gmt":"2015-06-25T08:24:36","guid":{"rendered":"http:\/\/cne.bluelab.cl\/?page_id=231"},"modified":"2026-01-05T12:07:22","modified_gmt":"2026-01-05T15:07:22","slug":"informacion-y-estadisticas","status":"publish","type":"page","link":"https:\/\/www.cne.cl\/en\/nuestros-servicios\/reportes\/informacion-y-estadisticas\/","title":{"rendered":"Information and Statistics"},"content":{"rendered":"<p><\/p>\n<h3>Anuario Sector Energ\u00e9tico<\/h3>\n<table>\n<tbody>\n<tr>\n<td style=\"text-align: left;\"><a href=\"http:\/\/www.cne.cl\/wp-content\/uploads\/2015\/06\/Icono-Anuario.png\"><img loading=\"lazy\" class=\"alignleft size-full wp-image-7286\" src=\"http:\/\/www.cne.cl\/wp-content\/uploads\/2015\/06\/Icono-Anuario.png\" alt=\"Icono Anuario\" width=\"401\" height=\"401\" srcset=\"https:\/\/www.cne.cl\/wp-content\/uploads\/2015\/06\/Icono-Anuario.png 401w, https:\/\/www.cne.cl\/wp-content\/uploads\/2015\/06\/Icono-Anuario-150x150.png 150w, https:\/\/www.cne.cl\/wp-content\/uploads\/2015\/06\/Icono-Anuario-300x300.png 300w\" sizes=\"(max-width: 401px) 100vw, 401px\" \/><\/a><\/td>\n<td>Anuario Estad\u00edstico de Energ\u00eda en el periodo 2005\u20132015, desarrollado para entregar una clara se\u00f1al de transparencia, entregando diferentes estad\u00edsticas e indicadores correspondientes al sector energ\u00e9tico nacional, que ahora podr\u00e1n encontrar en un \u00fanico lugar de f\u00e1cil acceso y descargable.<\/td>\n<\/tr>\n<tr>\n<td><a class=\"btn externo\" href=\"http:\/\/www.cne.cl\/Boletin_Mensual\/\">Descarga la versi\u00f3n en Espa\u00f1ol<\/a><\/td>\n<td><a class=\"btn externo\" href=\"http:\/\/www.cne.cl\/Boletin_Mensual\/\">Descarga la versi\u00f3n en Ingl\u00e9s<\/a><\/td>\n<\/tr>\n<\/tbody>\n<\/table>\n<p><\/p>","protected":false},"excerpt":{"rendered":"<p>Anuario Sector Energ\u00e9tico Anuario Estad\u00edstico de Energ\u00eda en el periodo 2005\u20132015, desarrollado para entregar una clara se\u00f1al de transparencia, entregando diferentes estad\u00edsticas e indicadores correspondientes al sector energ\u00e9tico nacional, que ahora podr\u00e1n encontrar en un \u00fanico lugar de f\u00e1cil acceso y descargable. Descarga la versi\u00f3n en Espa\u00f1ol Descarga la versi\u00f3n en Ingl\u00e9s<\/p>\n","protected":false},"author":1,"featured_media":0,"parent":57,"menu_order":1,"comment_status":"closed","ping_status":"closed","template":"tpl-reportes-info-estadisticas.php","meta":[],"_links":{"self":[{"href":"https:\/\/www.cne.cl\/en\/wp-json\/wp\/v2\/pages\/231"}],"collection":[{"href":"https:\/\/www.cne.cl\/en\/wp-json\/wp\/v2\/pages"}],"about":[{"href":"https:\/\/www.cne.cl\/en\/wp-json\/wp\/v2\/types\/page"}],"author":[{"embeddable":true,"href":"https:\/\/www.cne.cl\/en\/wp-json\/wp\/v2\/users\/1"}],"replies":[{"embeddable":true,"href":"https:\/\/www.cne.cl\/en\/wp-json\/wp\/v2\/comments?post=231"}],"version-history":[{"count":445,"href":"https:\/\/www.cne.cl\/en\/wp-json\/wp\/v2\/pages\/231\/revisions"}],"predecessor-version":[{"id":45178,"href":"https:\/\/www.cne.cl\/en\/wp-json\/wp\/v2\/pages\/231\/revisions\/45178"}],"up":[{"embeddable":true,"href":"https:\/\/www.cne.cl\/en\/wp-json\/wp\/v2\/pages\/57"}],"wp:attachment":[{"href":"https:\/\/www.cne.cl\/en\/wp-json\/wp\/v2\/media?parent=231"}],"curies":[{"name":"wp","href":"https:\/\/api.w.org\/{rel}","templated":true}]}}