

{"id":22333,"date":"2019-08-01T16:41:50","date_gmt":"2019-08-01T20:41:50","guid":{"rendered":"http:\/\/www.cne.cl\/?page_id=22333"},"modified":"2019-09-26T15:55:04","modified_gmt":"2019-09-26T18:55:04","slug":"gobierno-y-empresas-del-sector-energia-firman-acuerdo-para-aumentar-la-insercion-femenina","status":"publish","type":"page","link":"https:\/\/www.cne.cl\/en\/prensa\/prensa-2019\/08-agosto\/gobierno-y-empresas-del-sector-energia-firman-acuerdo-para-aumentar-la-insercion-femenina\/","title":{"rendered":"(Espa\u00f1ol) Gobierno y empresas del sector energ\u00eda firman acuerdo para aumentar la inserci\u00f3n femenina"},"content":{"rendered":"<p class=\"qtranxs-available-languages-message qtranxs-available-languages-message-en\">Sorry, this entry is only available in <a href=\"https:\/\/www.cne.cl\/es\/wp-json\/wp\/v2\/pages\/22333\" class=\"qtranxs-available-language-link qtranxs-available-language-link-es\" title=\"Espa\u00f1ol\">European Spanish<\/a>.<\/p>","protected":false},"excerpt":{"rendered":"<p>Sorry, this entry is only available in European Spanish.<\/p>\n","protected":false},"author":3,"featured_media":22334,"parent":22331,"menu_order":0,"comment_status":"closed","ping_status":"closed","template":"entrada-prensa.php","meta":[],"_links":{"self":[{"href":"https:\/\/www.cne.cl\/en\/wp-json\/wp\/v2\/pages\/22333"}],"collection":[{"href":"https:\/\/www.cne.cl\/en\/wp-json\/wp\/v2\/pages"}],"about":[{"href":"https:\/\/www.cne.cl\/en\/wp-json\/wp\/v2\/types\/page"}],"author":[{"embeddable":true,"href":"https:\/\/www.cne.cl\/en\/wp-json\/wp\/v2\/users\/3"}],"replies":[{"embeddable":true,"href":"https:\/\/www.cne.cl\/en\/wp-json\/wp\/v2\/comments?post=22333"}],"version-history":[{"count":3,"href":"https:\/\/www.cne.cl\/en\/wp-json\/wp\/v2\/pages\/22333\/revisions"}],"predecessor-version":[{"id":22904,"href":"https:\/\/www.cne.cl\/en\/wp-json\/wp\/v2\/pages\/22333\/revisions\/22904"}],"up":[{"embeddable":true,"href":"https:\/\/www.cne.cl\/en\/wp-json\/wp\/v2\/pages\/22331"}],"wp:featuredmedia":[{"embeddable":true,"href":"https:\/\/www.cne.cl\/en\/wp-json\/wp\/v2\/media\/22334"}],"wp:attachment":[{"href":"https:\/\/www.cne.cl\/en\/wp-json\/wp\/v2\/media?parent=22333"}],"curies":[{"name":"wp","href":"https:\/\/api.w.org\/{rel}","templated":true}]}}