

{"id":21972,"date":"2019-06-30T12:36:33","date_gmt":"2019-06-30T16:36:33","guid":{"rendered":"http:\/\/www.cne.cl\/?page_id=21972"},"modified":"2019-06-30T12:36:33","modified_gmt":"2019-06-30T16:36:33","slug":"concurso-publico-para-consejeros-del-consejo-directivo-del-coordinador-independiente-del-sistema-electrico-nacional","status":"publish","type":"page","link":"https:\/\/www.cne.cl\/en\/concurso-publico-para-consejeros-del-consejo-directivo-del-coordinador-independiente-del-sistema-electrico-nacional\/","title":{"rendered":"(Espa\u00f1ol) Concurso P\u00fablico para Consejeros del Consejo Directivo del Coordinador Independiente del Sistema El\u00e9ctrico Nacional"},"content":{"rendered":"<p class=\"qtranxs-available-languages-message qtranxs-available-languages-message-en\">Sorry, this entry is only available in <a href=\"https:\/\/www.cne.cl\/es\/wp-json\/wp\/v2\/pages\/21972\" class=\"qtranxs-available-language-link qtranxs-available-language-link-es\" title=\"Espa\u00f1ol\">European Spanish<\/a>.<\/p>","protected":false},"excerpt":{"rendered":"<p>Sorry, this entry is only available in European Spanish.<\/p>\n","protected":false},"author":3,"featured_media":0,"parent":0,"menu_order":37,"comment_status":"closed","ping_status":"closed","template":"","meta":[],"_links":{"self":[{"href":"https:\/\/www.cne.cl\/en\/wp-json\/wp\/v2\/pages\/21972"}],"collection":[{"href":"https:\/\/www.cne.cl\/en\/wp-json\/wp\/v2\/pages"}],"about":[{"href":"https:\/\/www.cne.cl\/en\/wp-json\/wp\/v2\/types\/page"}],"author":[{"embeddable":true,"href":"https:\/\/www.cne.cl\/en\/wp-json\/wp\/v2\/users\/3"}],"replies":[{"embeddable":true,"href":"https:\/\/www.cne.cl\/en\/wp-json\/wp\/v2\/comments?post=21972"}],"version-history":[{"count":1,"href":"https:\/\/www.cne.cl\/en\/wp-json\/wp\/v2\/pages\/21972\/revisions"}],"predecessor-version":[{"id":21979,"href":"https:\/\/www.cne.cl\/en\/wp-json\/wp\/v2\/pages\/21972\/revisions\/21979"}],"wp:attachment":[{"href":"https:\/\/www.cne.cl\/en\/wp-json\/wp\/v2\/media?parent=21972"}],"curies":[{"name":"wp","href":"https:\/\/api.w.org\/{rel}","templated":true}]}}