

{"id":21881,"date":"2019-06-25T10:14:07","date_gmt":"2019-06-25T14:14:07","guid":{"rendered":"http:\/\/www.cne.cl\/?page_id=21881"},"modified":"2019-09-04T14:13:47","modified_gmt":"2019-09-04T18:13:47","slug":"presidente-de-la-republica-inaugura-carretera-electrica-cardones-polpaico-que-impulsara-uso-de-energias-limpias-en-todo-el-pais","status":"publish","type":"page","link":"https:\/\/www.cne.cl\/en\/prensa\/prensa-2019\/06-junio\/presidente-de-la-republica-inaugura-carretera-electrica-cardones-polpaico-que-impulsara-uso-de-energias-limpias-en-todo-el-pais\/","title":{"rendered":"(Espa\u00f1ol) Presidente Pi\u00f1era inaugura carretera el\u00e9ctrica Cardones Polpaico que impulsar\u00e1 uso de energ\u00edas limpias"},"content":{"rendered":"<p class=\"qtranxs-available-languages-message qtranxs-available-languages-message-en\">Sorry, this entry is only available in <a href=\"https:\/\/www.cne.cl\/es\/wp-json\/wp\/v2\/pages\/21881\" class=\"qtranxs-available-language-link qtranxs-available-language-link-es\" title=\"Espa\u00f1ol\">European Spanish<\/a>.<\/p>","protected":false},"excerpt":{"rendered":"<p>Sorry, this entry is only available in European Spanish.<\/p>\n","protected":false},"author":3,"featured_media":21882,"parent":21645,"menu_order":0,"comment_status":"closed","ping_status":"closed","template":"entrada-prensa.php","meta":[],"_links":{"self":[{"href":"https:\/\/www.cne.cl\/en\/wp-json\/wp\/v2\/pages\/21881"}],"collection":[{"href":"https:\/\/www.cne.cl\/en\/wp-json\/wp\/v2\/pages"}],"about":[{"href":"https:\/\/www.cne.cl\/en\/wp-json\/wp\/v2\/types\/page"}],"author":[{"embeddable":true,"href":"https:\/\/www.cne.cl\/en\/wp-json\/wp\/v2\/users\/3"}],"replies":[{"embeddable":true,"href":"https:\/\/www.cne.cl\/en\/wp-json\/wp\/v2\/comments?post=21881"}],"version-history":[{"count":6,"href":"https:\/\/www.cne.cl\/en\/wp-json\/wp\/v2\/pages\/21881\/revisions"}],"predecessor-version":[{"id":22647,"href":"https:\/\/www.cne.cl\/en\/wp-json\/wp\/v2\/pages\/21881\/revisions\/22647"}],"up":[{"embeddable":true,"href":"https:\/\/www.cne.cl\/en\/wp-json\/wp\/v2\/pages\/21645"}],"wp:featuredmedia":[{"embeddable":true,"href":"https:\/\/www.cne.cl\/en\/wp-json\/wp\/v2\/media\/21882"}],"wp:attachment":[{"href":"https:\/\/www.cne.cl\/en\/wp-json\/wp\/v2\/media?parent=21881"}],"curies":[{"name":"wp","href":"https:\/\/api.w.org\/{rel}","templated":true}]}}