

{"id":21722,"date":"2019-06-07T15:27:29","date_gmt":"2019-06-07T19:27:29","guid":{"rendered":"http:\/\/www.cne.cl\/?page_id=21722"},"modified":"2019-06-25T12:36:47","modified_gmt":"2019-06-25T16:36:47","slug":"ministra-de-energia-encabezo-retiro-de-dos-primeras-centrales-a-carbon-del-sen","status":"publish","type":"page","link":"https:\/\/www.cne.cl\/en\/prensa\/prensa-2019\/06-junio\/ministra-de-energia-encabezo-retiro-de-dos-primeras-centrales-a-carbon-del-sen\/","title":{"rendered":"(Espa\u00f1ol) Ministra de Energ\u00eda encabez\u00f3 retiro de dos primeras centrales a carb\u00f3n del SEN"},"content":{"rendered":"<p class=\"qtranxs-available-languages-message qtranxs-available-languages-message-en\">Sorry, this entry is only available in <a href=\"https:\/\/www.cne.cl\/es\/wp-json\/wp\/v2\/pages\/21722\" class=\"qtranxs-available-language-link qtranxs-available-language-link-es\" title=\"Espa\u00f1ol\">European Spanish<\/a>.<\/p>","protected":false},"excerpt":{"rendered":"<p>Sorry, this entry is only available in European Spanish.<\/p>\n","protected":false},"author":3,"featured_media":21723,"parent":21645,"menu_order":2,"comment_status":"closed","ping_status":"closed","template":"entrada-prensa.php","meta":[],"_links":{"self":[{"href":"https:\/\/www.cne.cl\/en\/wp-json\/wp\/v2\/pages\/21722"}],"collection":[{"href":"https:\/\/www.cne.cl\/en\/wp-json\/wp\/v2\/pages"}],"about":[{"href":"https:\/\/www.cne.cl\/en\/wp-json\/wp\/v2\/types\/page"}],"author":[{"embeddable":true,"href":"https:\/\/www.cne.cl\/en\/wp-json\/wp\/v2\/users\/3"}],"replies":[{"embeddable":true,"href":"https:\/\/www.cne.cl\/en\/wp-json\/wp\/v2\/comments?post=21722"}],"version-history":[{"count":3,"href":"https:\/\/www.cne.cl\/en\/wp-json\/wp\/v2\/pages\/21722\/revisions"}],"predecessor-version":[{"id":21898,"href":"https:\/\/www.cne.cl\/en\/wp-json\/wp\/v2\/pages\/21722\/revisions\/21898"}],"up":[{"embeddable":true,"href":"https:\/\/www.cne.cl\/en\/wp-json\/wp\/v2\/pages\/21645"}],"wp:featuredmedia":[{"embeddable":true,"href":"https:\/\/www.cne.cl\/en\/wp-json\/wp\/v2\/media\/21723"}],"wp:attachment":[{"href":"https:\/\/www.cne.cl\/en\/wp-json\/wp\/v2\/media?parent=21722"}],"curies":[{"name":"wp","href":"https:\/\/api.w.org\/{rel}","templated":true}]}}