

{"id":21407,"date":"2019-05-07T15:38:34","date_gmt":"2019-05-07T19:38:34","guid":{"rendered":"http:\/\/www.cne.cl\/?page_id=21407"},"modified":"2019-05-07T15:38:34","modified_gmt":"2019-05-07T19:38:34","slug":"cuenta-publica-participativa-ministerio-de-energia-abril-2017","status":"publish","type":"page","link":"https:\/\/www.cne.cl\/en\/cuenta-publica-participativa-ministerio-de-energia-abril-2017\/","title":{"rendered":"(Espa\u00f1ol) Cuenta P\u00fablica Participativa Ministerio de Energ\u00eda, Abril 2017"},"content":{"rendered":"<p class=\"qtranxs-available-languages-message qtranxs-available-languages-message-en\">Sorry, this entry is only available in <a href=\"https:\/\/www.cne.cl\/es\/wp-json\/wp\/v2\/pages\/21407\" class=\"qtranxs-available-language-link qtranxs-available-language-link-es\" title=\"Espa\u00f1ol\">European Spanish<\/a>.<\/p>","protected":false},"excerpt":{"rendered":"<p>Sorry, this entry is only available in European Spanish.<\/p>\n","protected":false},"author":1,"featured_media":19704,"parent":0,"menu_order":49,"comment_status":"closed","ping_status":"closed","template":"","meta":[],"_links":{"self":[{"href":"https:\/\/www.cne.cl\/en\/wp-json\/wp\/v2\/pages\/21407"}],"collection":[{"href":"https:\/\/www.cne.cl\/en\/wp-json\/wp\/v2\/pages"}],"about":[{"href":"https:\/\/www.cne.cl\/en\/wp-json\/wp\/v2\/types\/page"}],"author":[{"embeddable":true,"href":"https:\/\/www.cne.cl\/en\/wp-json\/wp\/v2\/users\/1"}],"replies":[{"embeddable":true,"href":"https:\/\/www.cne.cl\/en\/wp-json\/wp\/v2\/comments?post=21407"}],"version-history":[{"count":1,"href":"https:\/\/www.cne.cl\/en\/wp-json\/wp\/v2\/pages\/21407\/revisions"}],"predecessor-version":[{"id":21408,"href":"https:\/\/www.cne.cl\/en\/wp-json\/wp\/v2\/pages\/21407\/revisions\/21408"}],"wp:featuredmedia":[{"embeddable":true,"href":"https:\/\/www.cne.cl\/en\/wp-json\/wp\/v2\/media\/19704"}],"wp:attachment":[{"href":"https:\/\/www.cne.cl\/en\/wp-json\/wp\/v2\/media?parent=21407"}],"curies":[{"name":"wp","href":"https:\/\/api.w.org\/{rel}","templated":true}]}}