

{"id":21405,"date":"2016-03-07T15:36:54","date_gmt":"2016-03-07T18:36:54","guid":{"rendered":"http:\/\/www.cne.cl\/?page_id=21405"},"modified":"2019-05-09T14:05:47","modified_gmt":"2019-05-09T18:05:47","slug":"cuenta-publica-participativa-ministerio-de-energia-marzo-2016","status":"publish","type":"page","link":"https:\/\/www.cne.cl\/en\/prensa\/prensa-2016\/marzo-2016\/cuenta-publica-participativa-ministerio-de-energia-marzo-2016\/","title":{"rendered":"(Espa\u00f1ol) Cuenta P\u00fablica Participativa Ministerio de Energ\u00eda, Marzo 2016"},"content":{"rendered":"<p class=\"qtranxs-available-languages-message qtranxs-available-languages-message-en\">Sorry, this entry is only available in <a href=\"https:\/\/www.cne.cl\/es\/wp-json\/wp\/v2\/pages\/21405\" class=\"qtranxs-available-language-link qtranxs-available-language-link-es\" title=\"Espa\u00f1ol\">European Spanish<\/a>.<\/p>","protected":false},"excerpt":{"rendered":"<p>Sorry, this entry is only available in European Spanish.<\/p>\n","protected":false},"author":1,"featured_media":19704,"parent":5981,"menu_order":2,"comment_status":"closed","ping_status":"closed","template":"entrada-prensa.php","meta":[],"_links":{"self":[{"href":"https:\/\/www.cne.cl\/en\/wp-json\/wp\/v2\/pages\/21405"}],"collection":[{"href":"https:\/\/www.cne.cl\/en\/wp-json\/wp\/v2\/pages"}],"about":[{"href":"https:\/\/www.cne.cl\/en\/wp-json\/wp\/v2\/types\/page"}],"author":[{"embeddable":true,"href":"https:\/\/www.cne.cl\/en\/wp-json\/wp\/v2\/users\/1"}],"replies":[{"embeddable":true,"href":"https:\/\/www.cne.cl\/en\/wp-json\/wp\/v2\/comments?post=21405"}],"version-history":[{"count":2,"href":"https:\/\/www.cne.cl\/en\/wp-json\/wp\/v2\/pages\/21405\/revisions"}],"predecessor-version":[{"id":21448,"href":"https:\/\/www.cne.cl\/en\/wp-json\/wp\/v2\/pages\/21405\/revisions\/21448"}],"up":[{"embeddable":true,"href":"https:\/\/www.cne.cl\/en\/wp-json\/wp\/v2\/pages\/5981"}],"wp:featuredmedia":[{"embeddable":true,"href":"https:\/\/www.cne.cl\/en\/wp-json\/wp\/v2\/media\/19704"}],"wp:attachment":[{"href":"https:\/\/www.cne.cl\/en\/wp-json\/wp\/v2\/media?parent=21405"}],"curies":[{"name":"wp","href":"https:\/\/api.w.org\/{rel}","templated":true}]}}