

{"id":21322,"date":"2019-04-30T16:40:30","date_gmt":"2019-04-30T20:40:30","guid":{"rendered":"http:\/\/www.cne.cl\/?page_id=21322"},"modified":"2019-05-07T13:16:44","modified_gmt":"2019-05-07T17:16:44","slug":"ministra-de-energia-confirma-voluntariedad-para-recambio-de-medidores-inteligentes-y-que-distribuidoras-devolveran-dineros-cobrados","status":"publish","type":"page","link":"https:\/\/www.cne.cl\/en\/prensa\/prensa-2019\/04-abril\/ministra-de-energia-confirma-voluntariedad-para-recambio-de-medidores-inteligentes-y-que-distribuidoras-devolveran-dineros-cobrados\/","title":{"rendered":"(Espa\u00f1ol) Ministra de Energ\u00eda confirma voluntariedad para recambio de medidores inteligentes y que distribuidoras devolver\u00e1n dineros cobrados.-"},"content":{"rendered":"<p class=\"qtranxs-available-languages-message qtranxs-available-languages-message-en\">Sorry, this entry is only available in <a href=\"https:\/\/www.cne.cl\/es\/wp-json\/wp\/v2\/pages\/21322\" class=\"qtranxs-available-language-link qtranxs-available-language-link-es\" title=\"Espa\u00f1ol\">European Spanish<\/a>.<\/p>","protected":false},"excerpt":{"rendered":"<p>Sorry, this entry is only available in European Spanish.<\/p>\n","protected":false},"author":3,"featured_media":19704,"parent":21314,"menu_order":0,"comment_status":"closed","ping_status":"closed","template":"entrada-prensa.php","meta":[],"_links":{"self":[{"href":"https:\/\/www.cne.cl\/en\/wp-json\/wp\/v2\/pages\/21322"}],"collection":[{"href":"https:\/\/www.cne.cl\/en\/wp-json\/wp\/v2\/pages"}],"about":[{"href":"https:\/\/www.cne.cl\/en\/wp-json\/wp\/v2\/types\/page"}],"author":[{"embeddable":true,"href":"https:\/\/www.cne.cl\/en\/wp-json\/wp\/v2\/users\/3"}],"replies":[{"embeddable":true,"href":"https:\/\/www.cne.cl\/en\/wp-json\/wp\/v2\/comments?post=21322"}],"version-history":[{"count":3,"href":"https:\/\/www.cne.cl\/en\/wp-json\/wp\/v2\/pages\/21322\/revisions"}],"predecessor-version":[{"id":21389,"href":"https:\/\/www.cne.cl\/en\/wp-json\/wp\/v2\/pages\/21322\/revisions\/21389"}],"up":[{"embeddable":true,"href":"https:\/\/www.cne.cl\/en\/wp-json\/wp\/v2\/pages\/21314"}],"wp:featuredmedia":[{"embeddable":true,"href":"https:\/\/www.cne.cl\/en\/wp-json\/wp\/v2\/media\/19704"}],"wp:attachment":[{"href":"https:\/\/www.cne.cl\/en\/wp-json\/wp\/v2\/media?parent=21322"}],"curies":[{"name":"wp","href":"https:\/\/api.w.org\/{rel}","templated":true}]}}