

{"id":21222,"date":"2019-07-25T10:00:07","date_gmt":"2019-07-25T14:00:07","guid":{"rendered":"http:\/\/www.cne.cl\/?page_id=21222"},"modified":"2019-07-25T10:06:58","modified_gmt":"2019-07-25T14:06:58","slug":"proceso-cuadrienal-de-valorizacion-de-los-sistemas-de-transmision-periodo-2020-2023","status":"publish","type":"page","link":"https:\/\/www.cne.cl\/en\/participar\/electricidad\/proceso-cuadrienal-de-valorizacion-de-los-sistemas-de-transmision-periodo-2020-2023\/","title":{"rendered":"(Espa\u00f1ol) Proceso Cuadrienal de Valorizaci\u00f3n de los Sistemas de Transmisi\u00f3n Per\u00edodo 2020-2023"},"content":{"rendered":"<p class=\"qtranxs-available-languages-message qtranxs-available-languages-message-en\">Sorry, this entry is only available in <a href=\"https:\/\/www.cne.cl\/es\/wp-json\/wp\/v2\/pages\/21222\" class=\"qtranxs-available-language-link qtranxs-available-language-link-es\" title=\"Espa\u00f1ol\">European Spanish<\/a>.<\/p>","protected":false},"excerpt":{"rendered":"<p>Sorry, this entry is only available in European Spanish.<\/p>\n","protected":false},"author":3,"featured_media":0,"parent":18713,"menu_order":1,"comment_status":"closed","ping_status":"closed","template":"","meta":[],"_links":{"self":[{"href":"https:\/\/www.cne.cl\/en\/wp-json\/wp\/v2\/pages\/21222"}],"collection":[{"href":"https:\/\/www.cne.cl\/en\/wp-json\/wp\/v2\/pages"}],"about":[{"href":"https:\/\/www.cne.cl\/en\/wp-json\/wp\/v2\/types\/page"}],"author":[{"embeddable":true,"href":"https:\/\/www.cne.cl\/en\/wp-json\/wp\/v2\/users\/3"}],"replies":[{"embeddable":true,"href":"https:\/\/www.cne.cl\/en\/wp-json\/wp\/v2\/comments?post=21222"}],"version-history":[{"count":14,"href":"https:\/\/www.cne.cl\/en\/wp-json\/wp\/v2\/pages\/21222\/revisions"}],"predecessor-version":[{"id":22129,"href":"https:\/\/www.cne.cl\/en\/wp-json\/wp\/v2\/pages\/21222\/revisions\/22129"}],"up":[{"embeddable":true,"href":"https:\/\/www.cne.cl\/en\/wp-json\/wp\/v2\/pages\/18713"}],"wp:attachment":[{"href":"https:\/\/www.cne.cl\/en\/wp-json\/wp\/v2\/media?parent=21222"}],"curies":[{"name":"wp","href":"https:\/\/api.w.org\/{rel}","templated":true}]}}