

{"id":21000,"date":"2019-03-28T18:02:28","date_gmt":"2019-03-28T21:02:28","guid":{"rendered":"http:\/\/www.cne.cl\/?page_id=21000"},"modified":"2019-04-30T16:05:58","modified_gmt":"2019-04-30T20:05:58","slug":"ministra-de-energia-anuncia-que-enel-chilquinta-y-saesa-entregaran-10-mil-propietarios-de-medidor-que-lo-recambien-por-uno-inteligente","status":"publish","type":"page","link":"https:\/\/www.cne.cl\/en\/prensa\/prensa-2019\/03-marzo\/ministra-de-energia-anuncia-que-enel-chilquinta-y-saesa-entregaran-10-mil-propietarios-de-medidor-que-lo-recambien-por-uno-inteligente\/","title":{"rendered":"(Espa\u00f1ol) Ministra de Energ\u00eda anuncia que Enel, Chilquinta y Saesa entregar\u00e1n $10 mil a propietarios de medidor"},"content":{"rendered":"<p class=\"qtranxs-available-languages-message qtranxs-available-languages-message-en\">Sorry, this entry is only available in <a href=\"https:\/\/www.cne.cl\/es\/wp-json\/wp\/v2\/pages\/21000\" class=\"qtranxs-available-language-link qtranxs-available-language-link-es\" title=\"Espa\u00f1ol\">European Spanish<\/a>.<\/p>","protected":false},"excerpt":{"rendered":"<p>Sorry, this entry is only available in European Spanish.<\/p>\n","protected":false},"author":3,"featured_media":11755,"parent":20913,"menu_order":0,"comment_status":"closed","ping_status":"closed","template":"entrada-prensa.php","meta":[],"_links":{"self":[{"href":"https:\/\/www.cne.cl\/en\/wp-json\/wp\/v2\/pages\/21000"}],"collection":[{"href":"https:\/\/www.cne.cl\/en\/wp-json\/wp\/v2\/pages"}],"about":[{"href":"https:\/\/www.cne.cl\/en\/wp-json\/wp\/v2\/types\/page"}],"author":[{"embeddable":true,"href":"https:\/\/www.cne.cl\/en\/wp-json\/wp\/v2\/users\/3"}],"replies":[{"embeddable":true,"href":"https:\/\/www.cne.cl\/en\/wp-json\/wp\/v2\/comments?post=21000"}],"version-history":[{"count":6,"href":"https:\/\/www.cne.cl\/en\/wp-json\/wp\/v2\/pages\/21000\/revisions"}],"predecessor-version":[{"id":21308,"href":"https:\/\/www.cne.cl\/en\/wp-json\/wp\/v2\/pages\/21000\/revisions\/21308"}],"up":[{"embeddable":true,"href":"https:\/\/www.cne.cl\/en\/wp-json\/wp\/v2\/pages\/20913"}],"wp:featuredmedia":[{"embeddable":true,"href":"https:\/\/www.cne.cl\/en\/wp-json\/wp\/v2\/media\/11755"}],"wp:attachment":[{"href":"https:\/\/www.cne.cl\/en\/wp-json\/wp\/v2\/media?parent=21000"}],"curies":[{"name":"wp","href":"https:\/\/api.w.org\/{rel}","templated":true}]}}