

{"id":20966,"date":"2019-03-26T17:30:27","date_gmt":"2019-03-26T20:30:27","guid":{"rendered":"http:\/\/www.cne.cl\/?page_id=20966"},"modified":"2019-05-03T11:16:25","modified_gmt":"2019-05-03T15:16:25","slug":"cne-firma-acuerdo-interinstitucional-con-agencia-nacional-de-energia-electrica-de-brasil","status":"publish","type":"page","link":"https:\/\/www.cne.cl\/en\/prensa\/prensa-2019\/03-marzo\/cne-firma-acuerdo-interinstitucional-con-agencia-nacional-de-energia-electrica-de-brasil\/","title":{"rendered":"(Espa\u00f1ol) CNE firma acuerdo interinstitucional con Agencia Nacional de Energ\u00eda El\u00e9ctrica de Brasil"},"content":{"rendered":"<p class=\"qtranxs-available-languages-message qtranxs-available-languages-message-en\">Sorry, this entry is only available in <a href=\"https:\/\/www.cne.cl\/es\/wp-json\/wp\/v2\/pages\/20966\" class=\"qtranxs-available-language-link qtranxs-available-language-link-es\" title=\"Espa\u00f1ol\">European Spanish<\/a>.<\/p>","protected":false},"excerpt":{"rendered":"<p>Sorry, this entry is only available in European Spanish.<\/p>\n","protected":false},"author":3,"featured_media":20967,"parent":20913,"menu_order":3,"comment_status":"closed","ping_status":"closed","template":"entrada-prensa.php","meta":[],"_links":{"self":[{"href":"https:\/\/www.cne.cl\/en\/wp-json\/wp\/v2\/pages\/20966"}],"collection":[{"href":"https:\/\/www.cne.cl\/en\/wp-json\/wp\/v2\/pages"}],"about":[{"href":"https:\/\/www.cne.cl\/en\/wp-json\/wp\/v2\/types\/page"}],"author":[{"embeddable":true,"href":"https:\/\/www.cne.cl\/en\/wp-json\/wp\/v2\/users\/3"}],"replies":[{"embeddable":true,"href":"https:\/\/www.cne.cl\/en\/wp-json\/wp\/v2\/comments?post=20966"}],"version-history":[{"count":5,"href":"https:\/\/www.cne.cl\/en\/wp-json\/wp\/v2\/pages\/20966\/revisions"}],"predecessor-version":[{"id":21373,"href":"https:\/\/www.cne.cl\/en\/wp-json\/wp\/v2\/pages\/20966\/revisions\/21373"}],"up":[{"embeddable":true,"href":"https:\/\/www.cne.cl\/en\/wp-json\/wp\/v2\/pages\/20913"}],"wp:featuredmedia":[{"embeddable":true,"href":"https:\/\/www.cne.cl\/en\/wp-json\/wp\/v2\/media\/20967"}],"wp:attachment":[{"href":"https:\/\/www.cne.cl\/en\/wp-json\/wp\/v2\/media?parent=20966"}],"curies":[{"name":"wp","href":"https:\/\/api.w.org\/{rel}","templated":true}]}}