

{"id":20918,"date":"2019-03-18T17:51:31","date_gmt":"2019-03-18T20:51:31","guid":{"rendered":"http:\/\/www.cne.cl\/?page_id=20918"},"modified":"2019-03-21T17:57:40","modified_gmt":"2019-03-21T20:57:40","slug":"ministra-de-energia-anuncia-mesa-tecnica-con-distribuidoras-por-recambio-de-medidores","status":"publish","type":"page","link":"https:\/\/www.cne.cl\/en\/prensa\/prensa-2019\/03-marzo\/ministra-de-energia-anuncia-mesa-tecnica-con-distribuidoras-por-recambio-de-medidores\/","title":{"rendered":"(Espa\u00f1ol) Ministra de Energ\u00eda anuncia Mesa T\u00e9cnica con Distribuidoras por recambio de medidores"},"content":{"rendered":"<p class=\"qtranxs-available-languages-message qtranxs-available-languages-message-en\">Sorry, this entry is only available in <a href=\"https:\/\/www.cne.cl\/es\/wp-json\/wp\/v2\/pages\/20918\" class=\"qtranxs-available-language-link qtranxs-available-language-link-es\" title=\"Espa\u00f1ol\">European Spanish<\/a>.<\/p>","protected":false},"excerpt":{"rendered":"<p>Sorry, this entry is only available in European Spanish.<\/p>\n","protected":false},"author":3,"featured_media":19704,"parent":20913,"menu_order":2,"comment_status":"closed","ping_status":"closed","template":"entrada-prensa.php","meta":[],"_links":{"self":[{"href":"https:\/\/www.cne.cl\/en\/wp-json\/wp\/v2\/pages\/20918"}],"collection":[{"href":"https:\/\/www.cne.cl\/en\/wp-json\/wp\/v2\/pages"}],"about":[{"href":"https:\/\/www.cne.cl\/en\/wp-json\/wp\/v2\/types\/page"}],"author":[{"embeddable":true,"href":"https:\/\/www.cne.cl\/en\/wp-json\/wp\/v2\/users\/3"}],"replies":[{"embeddable":true,"href":"https:\/\/www.cne.cl\/en\/wp-json\/wp\/v2\/comments?post=20918"}],"version-history":[{"count":5,"href":"https:\/\/www.cne.cl\/en\/wp-json\/wp\/v2\/pages\/20918\/revisions"}],"predecessor-version":[{"id":20930,"href":"https:\/\/www.cne.cl\/en\/wp-json\/wp\/v2\/pages\/20918\/revisions\/20930"}],"up":[{"embeddable":true,"href":"https:\/\/www.cne.cl\/en\/wp-json\/wp\/v2\/pages\/20913"}],"wp:featuredmedia":[{"embeddable":true,"href":"https:\/\/www.cne.cl\/en\/wp-json\/wp\/v2\/media\/19704"}],"wp:attachment":[{"href":"https:\/\/www.cne.cl\/en\/wp-json\/wp\/v2\/media?parent=20918"}],"curies":[{"name":"wp","href":"https:\/\/api.w.org\/{rel}","templated":true}]}}