

{"id":195,"date":"2015-06-15T03:31:16","date_gmt":"2015-06-15T06:31:16","guid":{"rendered":"http:\/\/cne.bluelab.cl\/?page_id=195"},"modified":"2026-02-25T07:51:22","modified_gmt":"2026-02-25T10:51:22","slug":"precio-nudo-promedio","status":"publish","type":"page","link":"https:\/\/www.cne.cl\/en\/tarificacion\/electrica\/precio-nudo-promedio\/","title":{"rendered":"Precio Nudo Promedio"},"content":{"rendered":"<p><strong>Definici\u00f3n Precios de Nudo Promedio<\/strong><br \/>\nLos Precios de Nudo Promedio (PNP) nacen de las modificaciones al marco regulatorio el\u00e9ctrico introducidas por la Ley 20.018, o Ley Corta II, y corresponden a los precios que las empresas concesionarias de servicio p\u00fablico de distribuci\u00f3n deben traspasar a sus clientes regulados.<\/p>\n<p>Los Precios de Nudo Promedio se aplican a partir del 1 de enero de 2010 junto con la entrada en vigencia de los primeros contratos de suministro licitado que establecen los Art\u00edculos 131\u00ba a 135\u00ba de la Ley, y se componen por el promedio ponderado de los siguientes tipos de precios de contratos de suministro:<\/p>\n<p>a.Precios de Nudo de Largo Plazo de energ\u00eda (PNELP) y potencia (PNPLP): son aquellos que debe pagar una empresa concesionaria de distribuci\u00f3n a su suministrador en virtud del contrato de suministro respectivo suscrito a partir de las licitaciones p\u00fablicas reguladas.<\/p>\n<p>b.Precios de Nudo de Corto Plazo de energ\u00eda (PNECP) y potencia de punta (PNPCP): son los precios a nivel de generaci\u00f3n-transporte fijados semestralmente en los meses de abril y octubre de cada a\u00f1o en virtud del Art\u00edculo 160\u00b0 de la Ley.<\/p>\n<p>Entre las principales caracter\u00edsticas del Precio de Nudo Promedio, se destaca en que es un precio \u00fanico determinado para cada distribuidora a nivel de generaci\u00f3n-transporte, y que se aplica un procedimiento de ajuste de modo tal que el Precio de Nudo Promedio de cualquier distribuidora no puede exceder en m\u00e1s de un 5% el precio promedio de todo el sistema en un punto de comparaci\u00f3n.<\/p>\n<p>Su determinaci\u00f3n es efectuada por la Comisi\u00f3n Nacional de Energ\u00eda (CNE), quien a trav\u00e9s de un Informe T\u00e9cnico comunica sus resultados al Ministerio de Energ\u00eda, el cual procede a su fijaci\u00f3n mediante la dictaci\u00f3n de un Decreto publicado en el Diario Oficial.<\/p>\n<p>Los Precios de Nudo Promedio se fijan en las siguientes ocasiones:<\/p>\n<ol>\n<li>Semestralmente, en los meses de abril y octubre de cada a\u00f1o.<\/li>\n<li>Toda vez que se produzca la indexaci\u00f3n del precio de alg\u00fan contrato de suministro por una variaci\u00f3n sobre el 10% respecto a su precio vigente.<\/li>\n<li>Con la entrada en vigencia de alg\u00fan nuevo contrato de suministro licitado.<\/li>\n<\/ol>\n<p>Cada proceso licitatorio establece, dentro del marco normativo, sus propias f\u00f3rmulas de indexaci\u00f3n aplicables a los Precios de Nudo de Largo Plazo, cuyos \u00edndices respectivos deben ser verificados mensualmente para comprobar la variaci\u00f3n de estos precios. La evoluci\u00f3n hist\u00f3rica de dichos \u00edndices, as\u00ed como otros documentos normativos, se pueden obtener en el siguiente v\u00ednculo:<\/p>\n<p><a href=\"\/nuestros-servicios\/licitaciones-y-suministros\/\">\u00cdndices para el c\u00e1lculo del Precio de Nudo de Largo Plazo<\/a><\/p>","protected":false},"excerpt":{"rendered":"<p>Definici\u00f3n Precios de Nudo Promedio Los Precios de Nudo Promedio (PNP) nacen de las modificaciones al marco regulatorio el\u00e9ctrico introducidas por la Ley 20.018, o Ley Corta II, y corresponden a los precios que las empresas concesionarias de servicio p\u00fablico de distribuci\u00f3n deben traspasar a sus clientes regulados. Los Precios de Nudo Promedio se aplican [&hellip;]<\/p>\n","protected":false},"author":1,"featured_media":91,"parent":31,"menu_order":7,"comment_status":"closed","ping_status":"closed","template":"tpl-tarificacion-e-pnp.php","meta":[],"_links":{"self":[{"href":"https:\/\/www.cne.cl\/en\/wp-json\/wp\/v2\/pages\/195"}],"collection":[{"href":"https:\/\/www.cne.cl\/en\/wp-json\/wp\/v2\/pages"}],"about":[{"href":"https:\/\/www.cne.cl\/en\/wp-json\/wp\/v2\/types\/page"}],"author":[{"embeddable":true,"href":"https:\/\/www.cne.cl\/en\/wp-json\/wp\/v2\/users\/1"}],"replies":[{"embeddable":true,"href":"https:\/\/www.cne.cl\/en\/wp-json\/wp\/v2\/comments?post=195"}],"version-history":[{"count":33,"href":"https:\/\/www.cne.cl\/en\/wp-json\/wp\/v2\/pages\/195\/revisions"}],"predecessor-version":[{"id":59076,"href":"https:\/\/www.cne.cl\/en\/wp-json\/wp\/v2\/pages\/195\/revisions\/59076"}],"up":[{"embeddable":true,"href":"https:\/\/www.cne.cl\/en\/wp-json\/wp\/v2\/pages\/31"}],"wp:featuredmedia":[{"embeddable":true,"href":"https:\/\/www.cne.cl\/en\/wp-json\/wp\/v2\/media\/91"}],"wp:attachment":[{"href":"https:\/\/www.cne.cl\/en\/wp-json\/wp\/v2\/media?parent=195"}],"curies":[{"name":"wp","href":"https:\/\/api.w.org\/{rel}","templated":true}]}}