

{"id":19334,"date":"2018-12-13T17:47:38","date_gmt":"2018-12-13T20:47:38","guid":{"rendered":"http:\/\/www.cne.cl\/?page_id=19334"},"modified":"2019-01-16T08:29:25","modified_gmt":"2019-01-16T11:29:25","slug":"secretario-ejecutivo-de-la-comision-nacional-de-energia-participa-en-xlviii-reunion-de-ministros-de-energia-miembros-de-olade","status":"publish","type":"page","link":"https:\/\/www.cne.cl\/en\/prensa\/prensa-2018\/diciembre-2018\/secretario-ejecutivo-de-la-comision-nacional-de-energia-participa-en-xlviii-reunion-de-ministros-de-energia-miembros-de-olade\/","title":{"rendered":"(Espa\u00f1ol) Jos\u00e9 Venegas participa en XLVIII Reuni\u00f3n de Ministros de Energ\u00eda OLADE"},"content":{"rendered":"<p class=\"qtranxs-available-languages-message qtranxs-available-languages-message-en\">Sorry, this entry is only available in <a href=\"https:\/\/www.cne.cl\/es\/wp-json\/wp\/v2\/pages\/19334\" class=\"qtranxs-available-language-link qtranxs-available-language-link-es\" title=\"Espa\u00f1ol\">European Spanish<\/a>.<\/p>","protected":false},"excerpt":{"rendered":"<p>Sorry, this entry is only available in European Spanish.<\/p>\n","protected":false},"author":3,"featured_media":19335,"parent":19225,"menu_order":1,"comment_status":"closed","ping_status":"closed","template":"entrada-prensa.php","meta":[],"_links":{"self":[{"href":"https:\/\/www.cne.cl\/en\/wp-json\/wp\/v2\/pages\/19334"}],"collection":[{"href":"https:\/\/www.cne.cl\/en\/wp-json\/wp\/v2\/pages"}],"about":[{"href":"https:\/\/www.cne.cl\/en\/wp-json\/wp\/v2\/types\/page"}],"author":[{"embeddable":true,"href":"https:\/\/www.cne.cl\/en\/wp-json\/wp\/v2\/users\/3"}],"replies":[{"embeddable":true,"href":"https:\/\/www.cne.cl\/en\/wp-json\/wp\/v2\/comments?post=19334"}],"version-history":[{"count":7,"href":"https:\/\/www.cne.cl\/en\/wp-json\/wp\/v2\/pages\/19334\/revisions"}],"predecessor-version":[{"id":19797,"href":"https:\/\/www.cne.cl\/en\/wp-json\/wp\/v2\/pages\/19334\/revisions\/19797"}],"up":[{"embeddable":true,"href":"https:\/\/www.cne.cl\/en\/wp-json\/wp\/v2\/pages\/19225"}],"wp:featuredmedia":[{"embeddable":true,"href":"https:\/\/www.cne.cl\/en\/wp-json\/wp\/v2\/media\/19335"}],"wp:attachment":[{"href":"https:\/\/www.cne.cl\/en\/wp-json\/wp\/v2\/media?parent=19334"}],"curies":[{"name":"wp","href":"https:\/\/api.w.org\/{rel}","templated":true}]}}