

{"id":193,"date":"2015-06-15T03:13:34","date_gmt":"2015-06-15T06:13:34","guid":{"rendered":"http:\/\/cne.bluelab.cl\/?page_id=193"},"modified":"2016-12-05T15:48:54","modified_gmt":"2016-12-05T18:48:54","slug":"precio-nudo-corto-plazo","status":"publish","type":"page","link":"https:\/\/www.cne.cl\/en\/tarificacion\/electrica\/precio-nudo-corto-plazo\/","title":{"rendered":"Precio Nudo Corto Plazo"},"content":{"rendered":"<p>Los precios de nudo se fijan semestralmente, en los meses de abril y octubre de cada a\u00f1o. Su determinaci\u00f3n es efectuada por la Comisi\u00f3n Nacional de Energ\u00eda (CNE), quien a trav\u00e9s de un Informe T\u00e9cnico comunica sus resultados al Ministerio de Econom\u00eda, Fomento y Reconstrucci\u00f3n, el cual procede a su fijaci\u00f3n, mediante un Decreto publicado en el Diario Oficial.<\/p>\n<p>La pol\u00edtica de costos reales y la ausencia de econom\u00edas de escala en el segmento generaci\u00f3n, permiten fijar como precio el costo marginal de suministro, constituido por dos componentes:<\/p>\n<ul>\n<li>Precio b\u00e1sico de la energ\u00eda<br \/>\nPromedio en el tiempo de los costos marginales de energ\u00eda del sistema el\u00e9ctrico operando a m\u00ednimo costo actualizado de operaci\u00f3n y de racionamiento, durante el per\u00edodo de estudio; y<\/li>\n<li>Precio b\u00e1sico de la potencia de punta<br \/>\nCosto marginal anual de incrementar la capacidad instalada del sistema el\u00e9ctrico considerando las unidades generadoras m\u00e1s econ\u00f3micas, determinadas para suministrar potencia adicional durante las horas de demanda m\u00e1xima anual del sistema el\u00e9ctrico, incrementado en un porcentaje igual al margen de reserva de potencia te\u00f3rico del sistema el\u00e9ctrico.<\/li>\n<\/ul>\n<p>Para cada una de las subestaciones del sistema el\u00e9ctrico se calcula un factor de penalizaci\u00f3n de energ\u00eda y otro de potencia que multiplicado por el respectivo precio b\u00e1sico de la energ\u00eda y potencia de punta, determina el precio de la energ\u00eda y potencia en la subestaci\u00f3n respectiva;<\/p>\n<p><a class=\"btn externo\" href=\"\/precio-medio-de-mercado-2\">Precio Medio de Mercado<\/a><\/p>","protected":false},"excerpt":{"rendered":"<p>Los precios de nudo se fijan semestralmente, en los meses de abril y octubre de cada a\u00f1o. Su determinaci\u00f3n es efectuada por la Comisi\u00f3n Nacional de Energ\u00eda (CNE), quien a trav\u00e9s de un Informe T\u00e9cnico comunica sus resultados al Ministerio de Econom\u00eda, Fomento y Reconstrucci\u00f3n, el cual procede a su fijaci\u00f3n, mediante un Decreto publicado [&hellip;]<\/p>\n","protected":false},"author":1,"featured_media":91,"parent":31,"menu_order":4,"comment_status":"closed","ping_status":"closed","template":"tpl-tarificacion-e-pncp.php","meta":[],"_links":{"self":[{"href":"https:\/\/www.cne.cl\/en\/wp-json\/wp\/v2\/pages\/193"}],"collection":[{"href":"https:\/\/www.cne.cl\/en\/wp-json\/wp\/v2\/pages"}],"about":[{"href":"https:\/\/www.cne.cl\/en\/wp-json\/wp\/v2\/types\/page"}],"author":[{"embeddable":true,"href":"https:\/\/www.cne.cl\/en\/wp-json\/wp\/v2\/users\/1"}],"replies":[{"embeddable":true,"href":"https:\/\/www.cne.cl\/en\/wp-json\/wp\/v2\/comments?post=193"}],"version-history":[{"count":31,"href":"https:\/\/www.cne.cl\/en\/wp-json\/wp\/v2\/pages\/193\/revisions"}],"predecessor-version":[{"id":10436,"href":"https:\/\/www.cne.cl\/en\/wp-json\/wp\/v2\/pages\/193\/revisions\/10436"}],"up":[{"embeddable":true,"href":"https:\/\/www.cne.cl\/en\/wp-json\/wp\/v2\/pages\/31"}],"wp:featuredmedia":[{"embeddable":true,"href":"https:\/\/www.cne.cl\/en\/wp-json\/wp\/v2\/media\/91"}],"wp:attachment":[{"href":"https:\/\/www.cne.cl\/en\/wp-json\/wp\/v2\/media?parent=193"}],"curies":[{"name":"wp","href":"https:\/\/api.w.org\/{rel}","templated":true}]}}