

{"id":18991,"date":"2018-10-31T15:21:18","date_gmt":"2018-10-31T18:21:18","guid":{"rendered":"http:\/\/www.cne.cl\/?page_id=18991"},"modified":"2019-01-11T12:17:59","modified_gmt":"2019-01-11T15:17:59","slug":"plataforma-de-la-comision-nacional-de-energia-energia-abierta-recibe-premio-nacional-de-innovacion-avonni-2018","status":"publish","type":"page","link":"https:\/\/www.cne.cl\/en\/prensa\/prensa-2018\/10-octubre\/plataforma-de-la-comision-nacional-de-energia-energia-abierta-recibe-premio-nacional-de-innovacion-avonni-2018\/","title":{"rendered":"(Espa\u00f1ol) Plataforma de la Comisi\u00f3n Nacional de Energ\u00eda, Energ\u00eda Abierta, recibe Premio Nacional de Innovaci\u00f3n Avonni 2018"},"content":{"rendered":"<p class=\"qtranxs-available-languages-message qtranxs-available-languages-message-en\">Sorry, this entry is only available in <a href=\"https:\/\/www.cne.cl\/es\/wp-json\/wp\/v2\/pages\/18991\" class=\"qtranxs-available-language-link qtranxs-available-language-link-es\" title=\"Espa\u00f1ol\">European Spanish<\/a>.<\/p>","protected":false},"excerpt":{"rendered":"<p>Sorry, this entry is only available in European Spanish.<\/p>\n","protected":false},"author":3,"featured_media":18992,"parent":18647,"menu_order":0,"comment_status":"closed","ping_status":"closed","template":"entrada-prensa.php","meta":[],"_links":{"self":[{"href":"https:\/\/www.cne.cl\/en\/wp-json\/wp\/v2\/pages\/18991"}],"collection":[{"href":"https:\/\/www.cne.cl\/en\/wp-json\/wp\/v2\/pages"}],"about":[{"href":"https:\/\/www.cne.cl\/en\/wp-json\/wp\/v2\/types\/page"}],"author":[{"embeddable":true,"href":"https:\/\/www.cne.cl\/en\/wp-json\/wp\/v2\/users\/3"}],"replies":[{"embeddable":true,"href":"https:\/\/www.cne.cl\/en\/wp-json\/wp\/v2\/comments?post=18991"}],"version-history":[{"count":5,"href":"https:\/\/www.cne.cl\/en\/wp-json\/wp\/v2\/pages\/18991\/revisions"}],"predecessor-version":[{"id":19741,"href":"https:\/\/www.cne.cl\/en\/wp-json\/wp\/v2\/pages\/18991\/revisions\/19741"}],"up":[{"embeddable":true,"href":"https:\/\/www.cne.cl\/en\/wp-json\/wp\/v2\/pages\/18647"}],"wp:featuredmedia":[{"embeddable":true,"href":"https:\/\/www.cne.cl\/en\/wp-json\/wp\/v2\/media\/18992"}],"wp:attachment":[{"href":"https:\/\/www.cne.cl\/en\/wp-json\/wp\/v2\/media?parent=18991"}],"curies":[{"name":"wp","href":"https:\/\/api.w.org\/{rel}","templated":true}]}}