

{"id":18896,"date":"2018-10-24T17:50:45","date_gmt":"2018-10-24T20:50:45","guid":{"rendered":"http:\/\/www.cne.cl\/?page_id=18896"},"modified":"2018-12-07T12:40:50","modified_gmt":"2018-12-07T15:40:50","slug":"ministra-de-energia-recibe-saludo-del-nuevo-presidente-del-consejo-directivo-del-coordinador-electrico-nacional","status":"publish","type":"page","link":"https:\/\/www.cne.cl\/en\/prensa\/prensa-2018\/10-octubre\/ministra-de-energia-recibe-saludo-del-nuevo-presidente-del-consejo-directivo-del-coordinador-electrico-nacional\/","title":{"rendered":"(Espa\u00f1ol) Ministra de Energ\u00eda recibe saludo del nuevo Presidente del Consejo Directivo del Coordinador El\u00e9ctrico Nacional"},"content":{"rendered":"<p class=\"qtranxs-available-languages-message qtranxs-available-languages-message-en\">Sorry, this entry is only available in <a href=\"https:\/\/www.cne.cl\/es\/wp-json\/wp\/v2\/pages\/18896\" class=\"qtranxs-available-language-link qtranxs-available-language-link-es\" title=\"Espa\u00f1ol\">European Spanish<\/a>.<\/p>","protected":false},"excerpt":{"rendered":"<p>Sorry, this entry is only available in European Spanish.<\/p>\n","protected":false},"author":3,"featured_media":18897,"parent":18647,"menu_order":3,"comment_status":"closed","ping_status":"closed","template":"entrada-prensa.php","meta":[],"_links":{"self":[{"href":"https:\/\/www.cne.cl\/en\/wp-json\/wp\/v2\/pages\/18896"}],"collection":[{"href":"https:\/\/www.cne.cl\/en\/wp-json\/wp\/v2\/pages"}],"about":[{"href":"https:\/\/www.cne.cl\/en\/wp-json\/wp\/v2\/types\/page"}],"author":[{"embeddable":true,"href":"https:\/\/www.cne.cl\/en\/wp-json\/wp\/v2\/users\/3"}],"replies":[{"embeddable":true,"href":"https:\/\/www.cne.cl\/en\/wp-json\/wp\/v2\/comments?post=18896"}],"version-history":[{"count":4,"href":"https:\/\/www.cne.cl\/en\/wp-json\/wp\/v2\/pages\/18896\/revisions"}],"predecessor-version":[{"id":19249,"href":"https:\/\/www.cne.cl\/en\/wp-json\/wp\/v2\/pages\/18896\/revisions\/19249"}],"up":[{"embeddable":true,"href":"https:\/\/www.cne.cl\/en\/wp-json\/wp\/v2\/pages\/18647"}],"wp:featuredmedia":[{"embeddable":true,"href":"https:\/\/www.cne.cl\/en\/wp-json\/wp\/v2\/media\/18897"}],"wp:attachment":[{"href":"https:\/\/www.cne.cl\/en\/wp-json\/wp\/v2\/media?parent=18896"}],"curies":[{"name":"wp","href":"https:\/\/api.w.org\/{rel}","templated":true}]}}