

{"id":18813,"date":"2018-10-19T17:33:57","date_gmt":"2018-10-19T20:33:57","guid":{"rendered":"http:\/\/www.cne.cl\/?page_id=18813"},"modified":"2018-11-07T17:40:26","modified_gmt":"2018-11-07T20:40:26","slug":"comision-nacional-de-energia-en-proceso-de-analisis-de-proyectos-para-informe-preliminar-del-plan-de-expansion-de-la-transmision-2018","status":"publish","type":"page","link":"https:\/\/www.cne.cl\/en\/prensa\/prensa-2018\/10-octubre\/comision-nacional-de-energia-en-proceso-de-analisis-de-proyectos-para-informe-preliminar-del-plan-de-expansion-de-la-transmision-2018\/","title":{"rendered":"(Espa\u00f1ol) CNE en proceso de an\u00e1lisis de proyectos para Informe Preliminar del Plan de Expansi\u00f3n de la Transmisi\u00f3n 2018"},"content":{"rendered":"<p class=\"qtranxs-available-languages-message qtranxs-available-languages-message-en\">Sorry, this entry is only available in <a href=\"https:\/\/www.cne.cl\/es\/wp-json\/wp\/v2\/pages\/18813\" class=\"qtranxs-available-language-link qtranxs-available-language-link-es\" title=\"Espa\u00f1ol\">European Spanish<\/a>.<\/p>","protected":false},"excerpt":{"rendered":"<p>Sorry, this entry is only available in European Spanish.<\/p>\n","protected":false},"author":3,"featured_media":11755,"parent":18647,"menu_order":1,"comment_status":"closed","ping_status":"closed","template":"entrada-prensa.php","meta":[],"_links":{"self":[{"href":"https:\/\/www.cne.cl\/en\/wp-json\/wp\/v2\/pages\/18813"}],"collection":[{"href":"https:\/\/www.cne.cl\/en\/wp-json\/wp\/v2\/pages"}],"about":[{"href":"https:\/\/www.cne.cl\/en\/wp-json\/wp\/v2\/types\/page"}],"author":[{"embeddable":true,"href":"https:\/\/www.cne.cl\/en\/wp-json\/wp\/v2\/users\/3"}],"replies":[{"embeddable":true,"href":"https:\/\/www.cne.cl\/en\/wp-json\/wp\/v2\/comments?post=18813"}],"version-history":[{"count":12,"href":"https:\/\/www.cne.cl\/en\/wp-json\/wp\/v2\/pages\/18813\/revisions"}],"predecessor-version":[{"id":19032,"href":"https:\/\/www.cne.cl\/en\/wp-json\/wp\/v2\/pages\/18813\/revisions\/19032"}],"up":[{"embeddable":true,"href":"https:\/\/www.cne.cl\/en\/wp-json\/wp\/v2\/pages\/18647"}],"wp:featuredmedia":[{"embeddable":true,"href":"https:\/\/www.cne.cl\/en\/wp-json\/wp\/v2\/media\/11755"}],"wp:attachment":[{"href":"https:\/\/www.cne.cl\/en\/wp-json\/wp\/v2\/media?parent=18813"}],"curies":[{"name":"wp","href":"https:\/\/api.w.org\/{rel}","templated":true}]}}