

{"id":18787,"date":"2018-10-18T17:26:30","date_gmt":"2018-10-18T20:26:30","guid":{"rendered":"http:\/\/www.cne.cl\/?page_id=18787"},"modified":"2025-10-30T17:13:04","modified_gmt":"2025-10-30T20:13:04","slug":"implementacion-nuevo-regimen-sscc","status":"publish","type":"page","link":"https:\/\/www.cne.cl\/en\/nuestros-servicios\/implementacion-nuevo-regimen-sscc\/","title":{"rendered":"(Espa\u00f1ol) Implementaci\u00f3n Nuevo R\u00e9gimen SSCC"},"content":{"rendered":"<p class=\"qtranxs-available-languages-message qtranxs-available-languages-message-en\">Sorry, this entry is only available in <a href=\"https:\/\/www.cne.cl\/es\/wp-json\/wp\/v2\/pages\/18787\" class=\"qtranxs-available-language-link qtranxs-available-language-link-es\" title=\"Espa\u00f1ol\">European Spanish<\/a>.<\/p>","protected":false},"excerpt":{"rendered":"<p>Sorry, this entry is only available in European Spanish.<\/p>\n","protected":false},"author":3,"featured_media":39935,"parent":14,"menu_order":11,"comment_status":"closed","ping_status":"closed","template":"","meta":[],"_links":{"self":[{"href":"https:\/\/www.cne.cl\/en\/wp-json\/wp\/v2\/pages\/18787"}],"collection":[{"href":"https:\/\/www.cne.cl\/en\/wp-json\/wp\/v2\/pages"}],"about":[{"href":"https:\/\/www.cne.cl\/en\/wp-json\/wp\/v2\/types\/page"}],"author":[{"embeddable":true,"href":"https:\/\/www.cne.cl\/en\/wp-json\/wp\/v2\/users\/3"}],"replies":[{"embeddable":true,"href":"https:\/\/www.cne.cl\/en\/wp-json\/wp\/v2\/comments?post=18787"}],"version-history":[{"count":52,"href":"https:\/\/www.cne.cl\/en\/wp-json\/wp\/v2\/pages\/18787\/revisions"}],"predecessor-version":[{"id":56879,"href":"https:\/\/www.cne.cl\/en\/wp-json\/wp\/v2\/pages\/18787\/revisions\/56879"}],"up":[{"embeddable":true,"href":"https:\/\/www.cne.cl\/en\/wp-json\/wp\/v2\/pages\/14"}],"wp:featuredmedia":[{"embeddable":true,"href":"https:\/\/www.cne.cl\/en\/wp-json\/wp\/v2\/media\/39935"}],"wp:attachment":[{"href":"https:\/\/www.cne.cl\/en\/wp-json\/wp\/v2\/media?parent=18787"}],"curies":[{"name":"wp","href":"https:\/\/api.w.org\/{rel}","templated":true}]}}