

{"id":18780,"date":"2018-10-18T09:28:18","date_gmt":"2018-10-18T12:28:18","guid":{"rendered":"http:\/\/www.cne.cl\/?page_id=18780"},"modified":"2018-11-07T17:41:19","modified_gmt":"2018-11-07T20:41:19","slug":"energia-abierta-resulto-finalista-en-premio-nacional-de-innovacion-avonni-2018","status":"publish","type":"page","link":"https:\/\/www.cne.cl\/en\/prensa\/prensa-2018\/10-octubre\/informe-final-de-licitaciones-ano-2018\/energia-abierta-resulto-finalista-en-premio-nacional-de-innovacion-avonni-2018\/","title":{"rendered":"(Espa\u00f1ol) Energ\u00eda Abierta result\u00f3 finalista en Premio Nacional de Innovaci\u00f3n Avonni 2018"},"content":{"rendered":"<p class=\"qtranxs-available-languages-message qtranxs-available-languages-message-en\">Sorry, this entry is only available in <a href=\"https:\/\/www.cne.cl\/es\/wp-json\/wp\/v2\/pages\/18780\" class=\"qtranxs-available-language-link qtranxs-available-language-link-es\" title=\"Espa\u00f1ol\">European Spanish<\/a>.<\/p>","protected":false},"excerpt":{"rendered":"<p>Sorry, this entry is only available in European Spanish.<\/p>\n","protected":false},"author":3,"featured_media":18781,"parent":18649,"menu_order":0,"comment_status":"closed","ping_status":"closed","template":"entrada-prensa.php","meta":[],"_links":{"self":[{"href":"https:\/\/www.cne.cl\/en\/wp-json\/wp\/v2\/pages\/18780"}],"collection":[{"href":"https:\/\/www.cne.cl\/en\/wp-json\/wp\/v2\/pages"}],"about":[{"href":"https:\/\/www.cne.cl\/en\/wp-json\/wp\/v2\/types\/page"}],"author":[{"embeddable":true,"href":"https:\/\/www.cne.cl\/en\/wp-json\/wp\/v2\/users\/3"}],"replies":[{"embeddable":true,"href":"https:\/\/www.cne.cl\/en\/wp-json\/wp\/v2\/comments?post=18780"}],"version-history":[{"count":3,"href":"https:\/\/www.cne.cl\/en\/wp-json\/wp\/v2\/pages\/18780\/revisions"}],"predecessor-version":[{"id":19033,"href":"https:\/\/www.cne.cl\/en\/wp-json\/wp\/v2\/pages\/18780\/revisions\/19033"}],"up":[{"embeddable":true,"href":"https:\/\/www.cne.cl\/en\/wp-json\/wp\/v2\/pages\/18649"}],"wp:featuredmedia":[{"embeddable":true,"href":"https:\/\/www.cne.cl\/en\/wp-json\/wp\/v2\/media\/18781"}],"wp:attachment":[{"href":"https:\/\/www.cne.cl\/en\/wp-json\/wp\/v2\/media?parent=18780"}],"curies":[{"name":"wp","href":"https:\/\/api.w.org\/{rel}","templated":true}]}}