

{"id":18462,"date":"2018-09-14T12:31:56","date_gmt":"2018-09-14T15:31:56","guid":{"rendered":"http:\/\/www.cne.cl\/?page_id=18462"},"modified":"2018-10-24T15:53:33","modified_gmt":"2018-10-24T18:53:33","slug":"ministra-jimenez-participa-en-taller-participativo-sobre-distribucion-electrica","status":"publish","type":"page","link":"https:\/\/www.cne.cl\/en\/prensa\/prensa-2018\/09-septiembre-2018\/ministra-jimenez-participa-en-taller-participativo-sobre-distribucion-electrica\/","title":{"rendered":"(Espa\u00f1ol) Ministra Jim\u00e9nez participa en taller participativo sobre distribuci\u00f3n el\u00e9ctrica"},"content":{"rendered":"<p class=\"qtranxs-available-languages-message qtranxs-available-languages-message-en\">Sorry, this entry is only available in <a href=\"https:\/\/www.cne.cl\/es\/wp-json\/wp\/v2\/pages\/18462\" class=\"qtranxs-available-language-link qtranxs-available-language-link-es\" title=\"Espa\u00f1ol\">European Spanish<\/a>.<\/p>","protected":false},"excerpt":{"rendered":"<p>Sorry, this entry is only available in European Spanish.<\/p>\n","protected":false},"author":3,"featured_media":18465,"parent":18315,"menu_order":0,"comment_status":"closed","ping_status":"closed","template":"entrada-prensa.php","meta":[],"_links":{"self":[{"href":"https:\/\/www.cne.cl\/en\/wp-json\/wp\/v2\/pages\/18462"}],"collection":[{"href":"https:\/\/www.cne.cl\/en\/wp-json\/wp\/v2\/pages"}],"about":[{"href":"https:\/\/www.cne.cl\/en\/wp-json\/wp\/v2\/types\/page"}],"author":[{"embeddable":true,"href":"https:\/\/www.cne.cl\/en\/wp-json\/wp\/v2\/users\/3"}],"replies":[{"embeddable":true,"href":"https:\/\/www.cne.cl\/en\/wp-json\/wp\/v2\/comments?post=18462"}],"version-history":[{"count":6,"href":"https:\/\/www.cne.cl\/en\/wp-json\/wp\/v2\/pages\/18462\/revisions"}],"predecessor-version":[{"id":18887,"href":"https:\/\/www.cne.cl\/en\/wp-json\/wp\/v2\/pages\/18462\/revisions\/18887"}],"up":[{"embeddable":true,"href":"https:\/\/www.cne.cl\/en\/wp-json\/wp\/v2\/pages\/18315"}],"wp:featuredmedia":[{"embeddable":true,"href":"https:\/\/www.cne.cl\/en\/wp-json\/wp\/v2\/media\/18465"}],"wp:attachment":[{"href":"https:\/\/www.cne.cl\/en\/wp-json\/wp\/v2\/media?parent=18462"}],"curies":[{"name":"wp","href":"https:\/\/api.w.org\/{rel}","templated":true}]}}