

{"id":18317,"date":"2018-09-05T17:05:22","date_gmt":"2018-09-05T20:05:22","guid":{"rendered":"http:\/\/www.cne.cl\/?page_id=18317"},"modified":"2018-10-24T15:51:47","modified_gmt":"2018-10-24T18:51:47","slug":"comision-nacional-de-energia-lanza-nuevo-portal-energia-desarrolladores","status":"publish","type":"page","link":"https:\/\/www.cne.cl\/en\/prensa\/prensa-2018\/09-septiembre-2018\/comision-nacional-de-energia-lanza-nuevo-portal-energia-desarrolladores\/","title":{"rendered":"(Espa\u00f1ol) Comisi\u00f3n Nacional de Energ\u00eda lanza nuevo portal \u201cEnerg\u00eda Desarrolladores\u201d"},"content":{"rendered":"<p class=\"qtranxs-available-languages-message qtranxs-available-languages-message-en\">Sorry, this entry is only available in <a href=\"https:\/\/www.cne.cl\/es\/wp-json\/wp\/v2\/pages\/18317\" class=\"qtranxs-available-language-link qtranxs-available-language-link-es\" title=\"Espa\u00f1ol\">European Spanish<\/a>.<\/p>","protected":false},"excerpt":{"rendered":"<p>Sorry, this entry is only available in European Spanish.<\/p>\n","protected":false},"author":3,"featured_media":18320,"parent":18315,"menu_order":1,"comment_status":"closed","ping_status":"closed","template":"entrada-prensa.php","meta":[],"_links":{"self":[{"href":"https:\/\/www.cne.cl\/en\/wp-json\/wp\/v2\/pages\/18317"}],"collection":[{"href":"https:\/\/www.cne.cl\/en\/wp-json\/wp\/v2\/pages"}],"about":[{"href":"https:\/\/www.cne.cl\/en\/wp-json\/wp\/v2\/types\/page"}],"author":[{"embeddable":true,"href":"https:\/\/www.cne.cl\/en\/wp-json\/wp\/v2\/users\/3"}],"replies":[{"embeddable":true,"href":"https:\/\/www.cne.cl\/en\/wp-json\/wp\/v2\/comments?post=18317"}],"version-history":[{"count":3,"href":"https:\/\/www.cne.cl\/en\/wp-json\/wp\/v2\/pages\/18317\/revisions"}],"predecessor-version":[{"id":18886,"href":"https:\/\/www.cne.cl\/en\/wp-json\/wp\/v2\/pages\/18317\/revisions\/18886"}],"up":[{"embeddable":true,"href":"https:\/\/www.cne.cl\/en\/wp-json\/wp\/v2\/pages\/18315"}],"wp:featuredmedia":[{"embeddable":true,"href":"https:\/\/www.cne.cl\/en\/wp-json\/wp\/v2\/media\/18320"}],"wp:attachment":[{"href":"https:\/\/www.cne.cl\/en\/wp-json\/wp\/v2\/media?parent=18317"}],"curies":[{"name":"wp","href":"https:\/\/api.w.org\/{rel}","templated":true}]}}