

{"id":18010,"date":"2018-08-08T14:04:02","date_gmt":"2018-08-08T18:04:02","guid":{"rendered":"http:\/\/www.cne.cl\/?page_id=18010"},"modified":"2018-08-20T17:38:51","modified_gmt":"2018-08-20T20:38:51","slug":"presidente-de-la-republica-designa-al-secretario-ejecutivo-de-la-comision-nacional-de-energia-cne","status":"publish","type":"page","link":"https:\/\/www.cne.cl\/en\/prensa\/prensa-2018\/08-agosto-2018\/presidente-de-la-republica-designa-al-secretario-ejecutivo-de-la-comision-nacional-de-energia-cne\/","title":{"rendered":"President of the Republic appoints the Executive Secretary of the National Energy Commission"},"content":{"rendered":"<p><\/p>\n<p style=\"text-align: justify;\"><strong>Jos\u00e9 Agust\u00edn Venegas Maluenda<\/strong> was appointed by the President of the Republic, Sebasti\u00e1n Pi\u00f1era, as executive secretary of the National Energy Commission, from a list of candidates selected through the Public Senior Management System (ADP) of the Civil Service.<\/p>\n<p style=\"text-align: justify;\">Venegas is a civil engineer from the Pontificia Universidad Cat\u00f3lica de Chile and an MBA from the Adolfo Ib\u00e1\u00f1ez University. He has 30 years of experience in Chilean, Latin American and European Generation, Transmission and Distribution companies, and in the energy, gas and energy interconnections businesses. In addition, he was director of the CDEC of the Central Interconnected System (SIC).<\/p>\n<p style=\"text-align: justify;\">In his extensive curriculum highlights that was responsible for analyzing and propose alternatives for electricity and gas regulation in Chile; was an active participant in all the regulatory processes of the last 20 years, with the contribution of relevant proposals for the regulatory changes associated with conventional generation, transmission, distribution, supply to regulated customers, supply bids, renewable energies, regulation of the gas market and rates, among others.<br \/>\nThe Public Senior Management contest to provide this position began on May 20 with the publication of the call in national and regional media and on the Civil Service website, and 190 applications were received.<br \/>\nThe National Energy Commission (CNE), which reports to the Ministry of Energy, is the technical body in charge of analyzing prices, tariffs and technical standards to which the production, generation, transport and distribution of energy companies must adhere. to have a sufficient, safe and quality service, compatible with the economic operation.<\/p>\n<p><\/p>","protected":false},"excerpt":{"rendered":"<p>Jos\u00e9 Agust\u00edn Venegas Maluenda was appointed by the President of the Republic, Sebasti\u00e1n Pi\u00f1era, as executive secretary of the National Energy Commission, from a list of candidates selected through the Public Senior Management System (ADP) of the Civil Service. Venegas is a civil engineer from the Pontificia Universidad Cat\u00f3lica de Chile and an MBA from [&hellip;]<\/p>\n","protected":false},"author":2,"featured_media":18050,"parent":18005,"menu_order":0,"comment_status":"closed","ping_status":"closed","template":"entrada-prensa.php","meta":[],"_links":{"self":[{"href":"https:\/\/www.cne.cl\/en\/wp-json\/wp\/v2\/pages\/18010"}],"collection":[{"href":"https:\/\/www.cne.cl\/en\/wp-json\/wp\/v2\/pages"}],"about":[{"href":"https:\/\/www.cne.cl\/en\/wp-json\/wp\/v2\/types\/page"}],"author":[{"embeddable":true,"href":"https:\/\/www.cne.cl\/en\/wp-json\/wp\/v2\/users\/2"}],"replies":[{"embeddable":true,"href":"https:\/\/www.cne.cl\/en\/wp-json\/wp\/v2\/comments?post=18010"}],"version-history":[{"count":9,"href":"https:\/\/www.cne.cl\/en\/wp-json\/wp\/v2\/pages\/18010\/revisions"}],"predecessor-version":[{"id":18096,"href":"https:\/\/www.cne.cl\/en\/wp-json\/wp\/v2\/pages\/18010\/revisions\/18096"}],"up":[{"embeddable":true,"href":"https:\/\/www.cne.cl\/en\/wp-json\/wp\/v2\/pages\/18005"}],"wp:featuredmedia":[{"embeddable":true,"href":"https:\/\/www.cne.cl\/en\/wp-json\/wp\/v2\/media\/18050"}],"wp:attachment":[{"href":"https:\/\/www.cne.cl\/en\/wp-json\/wp\/v2\/media?parent=18010"}],"curies":[{"name":"wp","href":"https:\/\/api.w.org\/{rel}","templated":true}]}}