

{"id":17448,"date":"2020-01-02T14:17:58","date_gmt":"2020-01-02T17:17:58","guid":{"rendered":"http:\/\/www.cne.cl\/?page_id=17448"},"modified":"2022-04-12T09:32:53","modified_gmt":"2022-04-12T13:32:53","slug":"cne-inicia-periodo-de-participacion-en-procedimientos-normativos-del-plan-2018","status":"publish","type":"page","link":"https:\/\/www.cne.cl\/en\/nuestros-servicios\/cne-inicia-periodo-de-participacion-en-procedimientos-normativos-del-plan-2018\/","title":{"rendered":"Normative Procedures 2018"},"content":{"rendered":"<p><\/p>\n<p style=\"text-align: justify;\">De conformidad a lo se\u00f1alado en el art\u00edculo 72\u00b0 &#8211; 19 de la Ley General de Servicios El\u00e9ctricos, en el DS N\u00b0 11, de 2017, del Ministerio de Energ\u00eda y en el Plan Anual Normativo 2018, la Comisi\u00f3n Nacional de Energ\u00eda aprob\u00f3 las Res. Ex. N\u00b0 390, 391, 392, 393 y 394, todas de 24 de mayo de 2018, Resoluciones de Inicio de los trabajos normativos que se indican.<\/p>\n<p style=\"text-align: justify;\">A continuaci\u00f3n se encuentran las Resoluciones de Inicio de los respectivos procedimientos normativos, con la indicaci\u00f3n de los requisitos para manifestar inter\u00e9s en integrar los Comit\u00e9s Consultivos:<\/p>\n<table style=\"height: 394px; width: 813px;\">\n<tbody>\n<tr style=\"height: 34px;\">\n<td style=\"width: 298px; height: 34px; text-align: center;\"><span style=\"color: #333399;\"><strong>Procedimiento<\/strong><\/span><\/p>\n<p><span style=\"color: #333399;\"><strong>Normativo<\/strong><\/span><\/td>\n<td style=\"width: 307px; height: 34px; text-align: center;\"><span style=\"color: #333399;\"><strong>Plazo m\u00e1ximo<\/strong><\/span><\/p>\n<p><span style=\"color: #333399;\"><strong>manifestaciones de inter\u00e9s<\/strong><\/span><\/td>\n<td style=\"width: 186px; height: 34px; text-align: center;\"><span style=\"color: #333399;\"><strong>Resoluci\u00f3n de<\/strong><\/span><\/p>\n<p><span style=\"color: #333399;\"><strong>Inicio<\/strong><\/span><\/td>\n<\/tr>\n<tr style=\"height: 14px;\">\n<td style=\"width: 298px; height: 14px; text-align: center;\">Modificaci\u00f3n de la Norma T\u00e9cnica\u00a0GNL<\/td>\n<td style=\"width: 307px; height: 14px; text-align: center;\">19 de junio de 2018<\/td>\n<td style=\"width: 186px; height: 14px; text-align: center;\"><span class=\"btn descargar\"><a href=\"https:\/\/www.cne.cl\/wp-content\/uploads\/2016\/11\/Res.-Exenta-CNE.-N\u00b0392_24-05-2018.pdf\" target=\"_blank\" rel=\"noopener noreferrer\">Descarga<\/a><\/span><\/td>\n<\/tr>\n<tr style=\"height: 12px;\">\n<td style=\"width: 298px; height: 12px; text-align: center;\">C\u00e1lculo de Costos Marginales<\/td>\n<td style=\"width: 307px; height: 12px; text-align: center;\">19 de junio de 2018<\/td>\n<td style=\"width: 186px; height: 12px; text-align: center;\"><span class=\"btn descargar\"><a href=\"https:\/\/www.cne.cl\/wp-content\/uploads\/2016\/11\/Res.-Exenta-CNE.-N%C2%B0393_24-05-2018.pdf\" target=\"_blank\" rel=\"noopener noreferrer\">Descarga<\/a><\/span><\/td>\n<\/tr>\n<tr style=\"height: 14px;\">\n<td style=\"width: 298px; height: 14px; text-align: center;\">Declaraci\u00f3n de\u00a0Costos Variables<\/td>\n<td style=\"width: 307px; height: 14px; text-align: center;\">19 de junio de 2018<\/td>\n<td style=\"width: 186px; height: 14px; text-align: center;\"><span class=\"btn descargar\"><a href=\"https:\/\/www.cne.cl\/wp-content\/uploads\/2016\/11\/Res.-Exenta-CNE.-N%C2%B0394_24-05-2018.pdf\" target=\"_blank\" rel=\"noopener noreferrer\">Descarga<\/a><\/span><\/td>\n<\/tr>\n<tr style=\"height: 12px;\">\n<td style=\"width: 298px; height: 12px; text-align: center;\">Programaci\u00f3n de la Operaci\u00f3n<\/td>\n<td style=\"width: 307px; height: 12px; text-align: center;\">29 de junio de 2018<\/td>\n<td style=\"width: 186px; height: 12px; text-align: center;\"><span class=\"btn descargar\"><a href=\"https:\/\/www.cne.cl\/wp-content\/uploads\/2016\/11\/Res.-Exta.-CNE-N%C2%B0390_24-05-2018.pdf\" target=\"_blank\" rel=\"noopener noreferrer\">Descarga<\/a><\/span><\/td>\n<\/tr>\n<tr style=\"height: 10px;\">\n<td style=\"width: 298px; height: 10px; text-align: center;\">Transferencias Econ\u00f3micas<\/td>\n<td style=\"width: 307px; height: 10px; text-align: center;\">29 de junio de 2018<\/td>\n<td style=\"width: 186px; height: 10px; text-align: center;\"><span class=\"btn descargar\"><a href=\"https:\/\/www.cne.cl\/wp-content\/uploads\/2016\/11\/Res.-Exta.-CNE-N%C2%B0391_24-05-2018.pdf\" target=\"_blank\" rel=\"noopener noreferrer\">Descarga<\/a><\/span><\/td>\n<\/tr>\n<\/tbody>\n<\/table>\n<p>Todos los antecedentes asociados a los respectivos procedimientos normativos se encuentran disponibles en el siguiente\u00a0<strong><a href=\"https:\/\/www.cne.cl\/normativas\/electrica\/procesos-normativos\/\" target=\"_blank\" rel=\"noopener noreferrer\">link<\/a><\/strong><\/p>","protected":false},"excerpt":{"rendered":"<p>De conformidad a lo se\u00f1alado en el art\u00edculo 72\u00b0 &#8211; 19 de la Ley General de Servicios El\u00e9ctricos, en el DS N\u00b0 11, de 2017, del Ministerio de Energ\u00eda y en el Plan Anual Normativo 2018, la Comisi\u00f3n Nacional de Energ\u00eda aprob\u00f3 las Res. Ex. N\u00b0 390, 391, 392, 393 y 394, todas de 24 [&hellip;]<\/p>\n","protected":false},"author":3,"featured_media":39931,"parent":14,"menu_order":2,"comment_status":"closed","ping_status":"closed","template":"entrada-prensa.php","meta":[],"_links":{"self":[{"href":"https:\/\/www.cne.cl\/en\/wp-json\/wp\/v2\/pages\/17448"}],"collection":[{"href":"https:\/\/www.cne.cl\/en\/wp-json\/wp\/v2\/pages"}],"about":[{"href":"https:\/\/www.cne.cl\/en\/wp-json\/wp\/v2\/types\/page"}],"author":[{"embeddable":true,"href":"https:\/\/www.cne.cl\/en\/wp-json\/wp\/v2\/users\/3"}],"replies":[{"embeddable":true,"href":"https:\/\/www.cne.cl\/en\/wp-json\/wp\/v2\/comments?post=17448"}],"version-history":[{"count":24,"href":"https:\/\/www.cne.cl\/en\/wp-json\/wp\/v2\/pages\/17448\/revisions"}],"predecessor-version":[{"id":43731,"href":"https:\/\/www.cne.cl\/en\/wp-json\/wp\/v2\/pages\/17448\/revisions\/43731"}],"up":[{"embeddable":true,"href":"https:\/\/www.cne.cl\/en\/wp-json\/wp\/v2\/pages\/14"}],"wp:featuredmedia":[{"embeddable":true,"href":"https:\/\/www.cne.cl\/en\/wp-json\/wp\/v2\/media\/39931"}],"wp:attachment":[{"href":"https:\/\/www.cne.cl\/en\/wp-json\/wp\/v2\/media?parent=17448"}],"curies":[{"name":"wp","href":"https:\/\/api.w.org\/{rel}","templated":true}]}}