

{"id":16848,"date":"2018-04-05T14:32:20","date_gmt":"2018-04-05T17:32:20","guid":{"rendered":"http:\/\/www.cne.cl\/?page_id=16848"},"modified":"2018-05-28T17:45:31","modified_gmt":"2018-05-28T21:45:31","slug":"ministra-jimenez-lanza-tecnologia-blockchain-en-datos-del-sector-energetico","status":"publish","type":"page","link":"https:\/\/www.cne.cl\/en\/prensa\/prensa-2018\/04-abril-2018\/ministra-jimenez-lanza-tecnologia-blockchain-en-datos-del-sector-energetico\/","title":{"rendered":"(Espa\u00f1ol) Ministra Jim\u00e9nez lanza  tecnolog\u00eda Blockchain en datos del sector energ\u00e9tico.-"},"content":{"rendered":"<p class=\"qtranxs-available-languages-message qtranxs-available-languages-message-en\">Sorry, this entry is only available in <a href=\"https:\/\/www.cne.cl\/es\/wp-json\/wp\/v2\/pages\/16848\" class=\"qtranxs-available-language-link qtranxs-available-language-link-es\" title=\"Espa\u00f1ol\">European Spanish<\/a>.<\/p>","protected":false},"excerpt":{"rendered":"<p>Sorry, this entry is only available in European Spanish.<\/p>\n","protected":false},"author":3,"featured_media":15997,"parent":16846,"menu_order":0,"comment_status":"closed","ping_status":"closed","template":"entrada-prensa.php","meta":[],"_links":{"self":[{"href":"https:\/\/www.cne.cl\/en\/wp-json\/wp\/v2\/pages\/16848"}],"collection":[{"href":"https:\/\/www.cne.cl\/en\/wp-json\/wp\/v2\/pages"}],"about":[{"href":"https:\/\/www.cne.cl\/en\/wp-json\/wp\/v2\/types\/page"}],"author":[{"embeddable":true,"href":"https:\/\/www.cne.cl\/en\/wp-json\/wp\/v2\/users\/3"}],"replies":[{"embeddable":true,"href":"https:\/\/www.cne.cl\/en\/wp-json\/wp\/v2\/comments?post=16848"}],"version-history":[{"count":3,"href":"https:\/\/www.cne.cl\/en\/wp-json\/wp\/v2\/pages\/16848\/revisions"}],"predecessor-version":[{"id":17429,"href":"https:\/\/www.cne.cl\/en\/wp-json\/wp\/v2\/pages\/16848\/revisions\/17429"}],"up":[{"embeddable":true,"href":"https:\/\/www.cne.cl\/en\/wp-json\/wp\/v2\/pages\/16846"}],"wp:featuredmedia":[{"embeddable":true,"href":"https:\/\/www.cne.cl\/en\/wp-json\/wp\/v2\/media\/15997"}],"wp:attachment":[{"href":"https:\/\/www.cne.cl\/en\/wp-json\/wp\/v2\/media?parent=16848"}],"curies":[{"name":"wp","href":"https:\/\/api.w.org\/{rel}","templated":true}]}}