

{"id":16229,"date":"2018-03-12T14:47:31","date_gmt":"2018-03-12T17:47:31","guid":{"rendered":"http:\/\/www.cne.cl\/?page_id=16229"},"modified":"2018-04-10T17:33:46","modified_gmt":"2018-04-10T20:33:46","slug":"susana-jimenez-y-ricardo-irarrazabal-asumen-como-ministra-y-subsecretario-de-energia","status":"publish","type":"page","link":"https:\/\/www.cne.cl\/en\/prensa\/prensa-2018\/03-marzo-2018\/susana-jimenez-y-ricardo-irarrazabal-asumen-como-ministra-y-subsecretario-de-energia\/","title":{"rendered":"(Espa\u00f1ol) Susana Jim\u00e9nez y Ricardo Irarr\u00e1zabal asumen como Ministra y Subsecretario de Energ\u00eda"},"content":{"rendered":"<p class=\"qtranxs-available-languages-message qtranxs-available-languages-message-en\">Sorry, this entry is only available in <a href=\"https:\/\/www.cne.cl\/es\/wp-json\/wp\/v2\/pages\/16229\" class=\"qtranxs-available-language-link qtranxs-available-language-link-es\" title=\"Espa\u00f1ol\">European Spanish<\/a>.<\/p>","protected":false},"excerpt":{"rendered":"<p>Sorry, this entry is only available in European Spanish.<\/p>\n","protected":false},"author":3,"featured_media":14774,"parent":16211,"menu_order":1,"comment_status":"closed","ping_status":"closed","template":"entrada-prensa.php","meta":[],"_links":{"self":[{"href":"https:\/\/www.cne.cl\/en\/wp-json\/wp\/v2\/pages\/16229"}],"collection":[{"href":"https:\/\/www.cne.cl\/en\/wp-json\/wp\/v2\/pages"}],"about":[{"href":"https:\/\/www.cne.cl\/en\/wp-json\/wp\/v2\/types\/page"}],"author":[{"embeddable":true,"href":"https:\/\/www.cne.cl\/en\/wp-json\/wp\/v2\/users\/3"}],"replies":[{"embeddable":true,"href":"https:\/\/www.cne.cl\/en\/wp-json\/wp\/v2\/comments?post=16229"}],"version-history":[{"count":4,"href":"https:\/\/www.cne.cl\/en\/wp-json\/wp\/v2\/pages\/16229\/revisions"}],"predecessor-version":[{"id":16914,"href":"https:\/\/www.cne.cl\/en\/wp-json\/wp\/v2\/pages\/16229\/revisions\/16914"}],"up":[{"embeddable":true,"href":"https:\/\/www.cne.cl\/en\/wp-json\/wp\/v2\/pages\/16211"}],"wp:featuredmedia":[{"embeddable":true,"href":"https:\/\/www.cne.cl\/en\/wp-json\/wp\/v2\/media\/14774"}],"wp:attachment":[{"href":"https:\/\/www.cne.cl\/en\/wp-json\/wp\/v2\/media?parent=16229"}],"curies":[{"name":"wp","href":"https:\/\/api.w.org\/{rel}","templated":true}]}}