

{"id":15095,"date":"2017-11-24T14:32:14","date_gmt":"2017-11-24T17:32:14","guid":{"rendered":"http:\/\/www.cne.cl\/?page_id=15095"},"modified":"2022-02-01T09:36:12","modified_gmt":"2022-02-01T12:36:12","slug":"prevision-de-demanda-electrica","status":"publish","type":"page","link":"https:\/\/www.cne.cl\/en\/tarificacion\/electrica\/prevision-de-demanda-electrica\/","title":{"rendered":"(Espa\u00f1ol) Previsi\u00f3n de Demanda El\u00e9ctrica"},"content":{"rendered":"<p class=\"qtranxs-available-languages-message qtranxs-available-languages-message-en\">Sorry, this entry is only available in <a href=\"https:\/\/www.cne.cl\/es\/wp-json\/wp\/v2\/pages\/15095\" class=\"qtranxs-available-language-link qtranxs-available-language-link-es\" title=\"Espa\u00f1ol\">European Spanish<\/a>.<\/p>","protected":false},"excerpt":{"rendered":"<p>Sorry, this entry is only available in European Spanish.<\/p>\n","protected":false},"author":2,"featured_media":0,"parent":31,"menu_order":17,"comment_status":"closed","ping_status":"closed","template":"tpl-tarificacion-e-prevision-demanda-electrica.php","meta":[],"_links":{"self":[{"href":"https:\/\/www.cne.cl\/en\/wp-json\/wp\/v2\/pages\/15095"}],"collection":[{"href":"https:\/\/www.cne.cl\/en\/wp-json\/wp\/v2\/pages"}],"about":[{"href":"https:\/\/www.cne.cl\/en\/wp-json\/wp\/v2\/types\/page"}],"author":[{"embeddable":true,"href":"https:\/\/www.cne.cl\/en\/wp-json\/wp\/v2\/users\/2"}],"replies":[{"embeddable":true,"href":"https:\/\/www.cne.cl\/en\/wp-json\/wp\/v2\/comments?post=15095"}],"version-history":[{"count":10,"href":"https:\/\/www.cne.cl\/en\/wp-json\/wp\/v2\/pages\/15095\/revisions"}],"predecessor-version":[{"id":42934,"href":"https:\/\/www.cne.cl\/en\/wp-json\/wp\/v2\/pages\/15095\/revisions\/42934"}],"up":[{"embeddable":true,"href":"https:\/\/www.cne.cl\/en\/wp-json\/wp\/v2\/pages\/31"}],"wp:attachment":[{"href":"https:\/\/www.cne.cl\/en\/wp-json\/wp\/v2\/media?parent=15095"}],"curies":[{"name":"wp","href":"https:\/\/api.w.org\/{rel}","templated":true}]}}