

{"id":14893,"date":"2017-11-21T18:00:56","date_gmt":"2017-11-21T21:00:56","guid":{"rendered":"http:\/\/www.cne.cl\/?page_id=14893"},"modified":"2017-12-11T11:40:27","modified_gmt":"2017-12-11T14:40:27","slug":"se-concreta-la-interconexion-de-los-sistemas-electricos-sic-y-sing-con-la-presencia-de-la-presidenta-de-la-republica","status":"publish","type":"page","link":"https:\/\/www.cne.cl\/en\/prensa\/prensa-2017\/11-noviembre-2017\/se-concreta-la-interconexion-de-los-sistemas-electricos-sic-y-sing-con-la-presencia-de-la-presidenta-de-la-republica\/","title":{"rendered":"(Espa\u00f1ol) Se concreta la Interconexi\u00f3n de los sistemas el\u00e9ctricos SIC y SING con la presencia de la Presidenta de la Rep\u00fablica.-"},"content":{"rendered":"<p class=\"qtranxs-available-languages-message qtranxs-available-languages-message-en\">Sorry, this entry is only available in <a href=\"https:\/\/www.cne.cl\/es\/wp-json\/wp\/v2\/pages\/14893\" class=\"qtranxs-available-language-link qtranxs-available-language-link-es\" title=\"Espa\u00f1ol\">European Spanish<\/a>.<\/p>","protected":false},"excerpt":{"rendered":"<p>Sorry, this entry is only available in European Spanish.<\/p>\n","protected":false},"author":3,"featured_media":14894,"parent":14671,"menu_order":0,"comment_status":"closed","ping_status":"closed","template":"entrada-prensa.php","meta":[],"_links":{"self":[{"href":"https:\/\/www.cne.cl\/en\/wp-json\/wp\/v2\/pages\/14893"}],"collection":[{"href":"https:\/\/www.cne.cl\/en\/wp-json\/wp\/v2\/pages"}],"about":[{"href":"https:\/\/www.cne.cl\/en\/wp-json\/wp\/v2\/types\/page"}],"author":[{"embeddable":true,"href":"https:\/\/www.cne.cl\/en\/wp-json\/wp\/v2\/users\/3"}],"replies":[{"embeddable":true,"href":"https:\/\/www.cne.cl\/en\/wp-json\/wp\/v2\/comments?post=14893"}],"version-history":[{"count":3,"href":"https:\/\/www.cne.cl\/en\/wp-json\/wp\/v2\/pages\/14893\/revisions"}],"predecessor-version":[{"id":15211,"href":"https:\/\/www.cne.cl\/en\/wp-json\/wp\/v2\/pages\/14893\/revisions\/15211"}],"up":[{"embeddable":true,"href":"https:\/\/www.cne.cl\/en\/wp-json\/wp\/v2\/pages\/14671"}],"wp:featuredmedia":[{"embeddable":true,"href":"https:\/\/www.cne.cl\/en\/wp-json\/wp\/v2\/media\/14894"}],"wp:attachment":[{"href":"https:\/\/www.cne.cl\/en\/wp-json\/wp\/v2\/media?parent=14893"}],"curies":[{"name":"wp","href":"https:\/\/api.w.org\/{rel}","templated":true}]}}