

{"id":14773,"date":"2017-11-09T12:24:19","date_gmt":"2017-11-09T15:24:19","guid":{"rendered":"http:\/\/www.cne.cl\/?page_id=14773"},"modified":"2017-11-09T12:24:19","modified_gmt":"2017-11-09T15:24:19","slug":"se-abre-convocatoria-a-registro-de-participacion-ciudadana-para-el-proceso-de-valorizacion-de-los-sistemas-de-transmision-y-calculo-de-la-tasa-de-descuento","status":"publish","type":"page","link":"https:\/\/www.cne.cl\/en\/se-abre-convocatoria-a-registro-de-participacion-ciudadana-para-el-proceso-de-valorizacion-de-los-sistemas-de-transmision-y-calculo-de-la-tasa-de-descuento\/","title":{"rendered":"(Espa\u00f1ol) SE ABRE CONVOCATORIA A REGISTRO DE PARTICIPACI\u00d3N CIUDADANA PARA EL PROCESO DE VALORIZACI\u00d3N DE LOS SISTEMAS DE TRANSMISI\u00d3N Y C\u00c1LCULO DE LA TASA DE DESCUENTO"},"content":{"rendered":"<p class=\"qtranxs-available-languages-message qtranxs-available-languages-message-en\">Sorry, this entry is only available in <a href=\"https:\/\/www.cne.cl\/es\/wp-json\/wp\/v2\/pages\/14773\" class=\"qtranxs-available-language-link qtranxs-available-language-link-es\" title=\"Espa\u00f1ol\">European Spanish<\/a>.<\/p>","protected":false},"excerpt":{"rendered":"<p>Sorry, this entry is only available in European Spanish.<\/p>\n","protected":false},"author":3,"featured_media":0,"parent":0,"menu_order":34,"comment_status":"closed","ping_status":"closed","template":"","meta":[],"_links":{"self":[{"href":"https:\/\/www.cne.cl\/en\/wp-json\/wp\/v2\/pages\/14773"}],"collection":[{"href":"https:\/\/www.cne.cl\/en\/wp-json\/wp\/v2\/pages"}],"about":[{"href":"https:\/\/www.cne.cl\/en\/wp-json\/wp\/v2\/types\/page"}],"author":[{"embeddable":true,"href":"https:\/\/www.cne.cl\/en\/wp-json\/wp\/v2\/users\/3"}],"replies":[{"embeddable":true,"href":"https:\/\/www.cne.cl\/en\/wp-json\/wp\/v2\/comments?post=14773"}],"version-history":[{"count":2,"href":"https:\/\/www.cne.cl\/en\/wp-json\/wp\/v2\/pages\/14773\/revisions"}],"predecessor-version":[{"id":14776,"href":"https:\/\/www.cne.cl\/en\/wp-json\/wp\/v2\/pages\/14773\/revisions\/14776"}],"wp:attachment":[{"href":"https:\/\/www.cne.cl\/en\/wp-json\/wp\/v2\/media?parent=14773"}],"curies":[{"name":"wp","href":"https:\/\/api.w.org\/{rel}","templated":true}]}}