

{"id":13641,"date":"2017-07-31T12:47:09","date_gmt":"2017-07-31T16:47:09","guid":{"rendered":"http:\/\/www.cne.cl\/?page_id=13641"},"modified":"2017-10-12T11:02:39","modified_gmt":"2017-10-12T14:02:39","slug":"reglamento-de-coordinacion-y-operacion-del-sistema-electrico-nacional","status":"publish","type":"page","link":"https:\/\/www.cne.cl\/en\/nuestros-servicios\/12735-2\/reglamento-de-coordinacion-y-operacion-del-sistema-electrico-nacional\/","title":{"rendered":"(Espa\u00f1ol) Reglamento de Coordinaci\u00f3n y Operaci\u00f3n del Sistema El\u00e9ctrico Nacional"},"content":{"rendered":"<p class=\"qtranxs-available-languages-message qtranxs-available-languages-message-en\">Sorry, this entry is only available in <a href=\"https:\/\/www.cne.cl\/es\/wp-json\/wp\/v2\/pages\/13641\" class=\"qtranxs-available-language-link qtranxs-available-language-link-es\" title=\"Espa\u00f1ol\">European Spanish<\/a>.<\/p>","protected":false},"excerpt":{"rendered":"<p>Sorry, this entry is only available in European Spanish.<\/p>\n","protected":false},"author":46,"featured_media":0,"parent":12735,"menu_order":0,"comment_status":"closed","ping_status":"closed","template":"","meta":[],"_links":{"self":[{"href":"https:\/\/www.cne.cl\/en\/wp-json\/wp\/v2\/pages\/13641"}],"collection":[{"href":"https:\/\/www.cne.cl\/en\/wp-json\/wp\/v2\/pages"}],"about":[{"href":"https:\/\/www.cne.cl\/en\/wp-json\/wp\/v2\/types\/page"}],"author":[{"embeddable":true,"href":"https:\/\/www.cne.cl\/en\/wp-json\/wp\/v2\/users\/46"}],"replies":[{"embeddable":true,"href":"https:\/\/www.cne.cl\/en\/wp-json\/wp\/v2\/comments?post=13641"}],"version-history":[{"count":11,"href":"https:\/\/www.cne.cl\/en\/wp-json\/wp\/v2\/pages\/13641\/revisions"}],"predecessor-version":[{"id":14414,"href":"https:\/\/www.cne.cl\/en\/wp-json\/wp\/v2\/pages\/13641\/revisions\/14414"}],"up":[{"embeddable":true,"href":"https:\/\/www.cne.cl\/en\/wp-json\/wp\/v2\/pages\/12735"}],"wp:attachment":[{"href":"https:\/\/www.cne.cl\/en\/wp-json\/wp\/v2\/media?parent=13641"}],"curies":[{"name":"wp","href":"https:\/\/api.w.org\/{rel}","templated":true}]}}