

{"id":13523,"date":"2017-07-19T09:07:26","date_gmt":"2017-07-19T13:07:26","guid":{"rendered":"http:\/\/www.cne.cl\/?page_id=13523"},"modified":"2017-07-19T09:28:31","modified_gmt":"2017-07-19T13:28:31","slug":"comision-nacional-de-energia-lanza-nuevo-reporte-energetico-financiero","status":"publish","type":"page","link":"https:\/\/www.cne.cl\/en\/prensa\/prensa-2017\/07-julio-2017\/comision-nacional-de-energia-lanza-nuevo-reporte-energetico-financiero\/","title":{"rendered":"(Espa\u00f1ol) Comisi\u00f3n Nacional de Energ\u00eda lanza Nuevo Reporte Energ\u00e9tico Financiero"},"content":{"rendered":"<p class=\"qtranxs-available-languages-message qtranxs-available-languages-message-en\">Sorry, this entry is only available in <a href=\"https:\/\/www.cne.cl\/es\/wp-json\/wp\/v2\/pages\/13523\" class=\"qtranxs-available-language-link qtranxs-available-language-link-es\" title=\"Espa\u00f1ol\">European Spanish<\/a>.<\/p>","protected":false},"excerpt":{"rendered":"<p>Sorry, this entry is only available in European Spanish.<\/p>\n","protected":false},"author":17,"featured_media":0,"parent":13450,"menu_order":1,"comment_status":"closed","ping_status":"closed","template":"entrada-prensa.php","meta":[],"_links":{"self":[{"href":"https:\/\/www.cne.cl\/en\/wp-json\/wp\/v2\/pages\/13523"}],"collection":[{"href":"https:\/\/www.cne.cl\/en\/wp-json\/wp\/v2\/pages"}],"about":[{"href":"https:\/\/www.cne.cl\/en\/wp-json\/wp\/v2\/types\/page"}],"author":[{"embeddable":true,"href":"https:\/\/www.cne.cl\/en\/wp-json\/wp\/v2\/users\/17"}],"replies":[{"embeddable":true,"href":"https:\/\/www.cne.cl\/en\/wp-json\/wp\/v2\/comments?post=13523"}],"version-history":[{"count":5,"href":"https:\/\/www.cne.cl\/en\/wp-json\/wp\/v2\/pages\/13523\/revisions"}],"predecessor-version":[{"id":13545,"href":"https:\/\/www.cne.cl\/en\/wp-json\/wp\/v2\/pages\/13523\/revisions\/13545"}],"up":[{"embeddable":true,"href":"https:\/\/www.cne.cl\/en\/wp-json\/wp\/v2\/pages\/13450"}],"wp:attachment":[{"href":"https:\/\/www.cne.cl\/en\/wp-json\/wp\/v2\/media?parent=13523"}],"curies":[{"name":"wp","href":"https:\/\/api.w.org\/{rel}","templated":true}]}}