

{"id":13454,"date":"2017-07-05T15:45:48","date_gmt":"2017-07-05T19:45:48","guid":{"rendered":"http:\/\/www.cne.cl\/?page_id=13454"},"modified":"2017-10-12T12:38:00","modified_gmt":"2017-10-12T15:38:00","slug":"gobierno-realizara-licitacion-de-suministro-electrico-por-2-200-gwh-y-que-abastecera-a-los-clientes-regulados-a-partir-del-ano-2024","status":"publish","type":"page","link":"https:\/\/www.cne.cl\/en\/prensa\/prensa-2017\/07-julio-2017\/gobierno-realizara-licitacion-de-suministro-electrico-por-2-200-gwh-y-que-abastecera-a-los-clientes-regulados-a-partir-del-ano-2024\/","title":{"rendered":"(Espa\u00f1ol) Gobierno realizar\u00e1 Licitaci\u00f3n de Suministro El\u00e9ctrico por 2.200 GWh y que abastecer\u00e1 a los clientes regulados a partir del a\u00f1o 2024"},"content":{"rendered":"<p class=\"qtranxs-available-languages-message qtranxs-available-languages-message-en\">Sorry, this entry is only available in <a href=\"https:\/\/www.cne.cl\/es\/wp-json\/wp\/v2\/pages\/13454\" class=\"qtranxs-available-language-link qtranxs-available-language-link-es\" title=\"Espa\u00f1ol\">European Spanish<\/a>.<\/p>","protected":false},"excerpt":{"rendered":"<p>Sorry, this entry is only available in European Spanish.<\/p>\n","protected":false},"author":3,"featured_media":13453,"parent":13450,"menu_order":0,"comment_status":"closed","ping_status":"closed","template":"entrada-prensa.php","meta":[],"_links":{"self":[{"href":"https:\/\/www.cne.cl\/en\/wp-json\/wp\/v2\/pages\/13454"}],"collection":[{"href":"https:\/\/www.cne.cl\/en\/wp-json\/wp\/v2\/pages"}],"about":[{"href":"https:\/\/www.cne.cl\/en\/wp-json\/wp\/v2\/types\/page"}],"author":[{"embeddable":true,"href":"https:\/\/www.cne.cl\/en\/wp-json\/wp\/v2\/users\/3"}],"replies":[{"embeddable":true,"href":"https:\/\/www.cne.cl\/en\/wp-json\/wp\/v2\/comments?post=13454"}],"version-history":[{"count":3,"href":"https:\/\/www.cne.cl\/en\/wp-json\/wp\/v2\/pages\/13454\/revisions"}],"predecessor-version":[{"id":14435,"href":"https:\/\/www.cne.cl\/en\/wp-json\/wp\/v2\/pages\/13454\/revisions\/14435"}],"up":[{"embeddable":true,"href":"https:\/\/www.cne.cl\/en\/wp-json\/wp\/v2\/pages\/13450"}],"wp:featuredmedia":[{"embeddable":true,"href":"https:\/\/www.cne.cl\/en\/wp-json\/wp\/v2\/media\/13453"}],"wp:attachment":[{"href":"https:\/\/www.cne.cl\/en\/wp-json\/wp\/v2\/media?parent=13454"}],"curies":[{"name":"wp","href":"https:\/\/api.w.org\/{rel}","templated":true}]}}