

{"id":13387,"date":"2017-06-28T12:04:41","date_gmt":"2017-06-28T16:04:41","guid":{"rendered":"http:\/\/www.cne.cl\/?page_id=13387"},"modified":"2017-07-05T15:36:59","modified_gmt":"2017-07-05T19:36:59","slug":"en-washington-d-c","status":"publish","type":"page","link":"https:\/\/www.cne.cl\/en\/prensa\/prensa-2017\/06-junio-2017\/en-washington-d-c\/","title":{"rendered":"(Espa\u00f1ol) Gobierno, empresas el\u00e9ctricas y acad\u00e9micos realizaron \u201cChile Energy Day\u201d"},"content":{"rendered":"<p class=\"qtranxs-available-languages-message qtranxs-available-languages-message-en\">Sorry, this entry is only available in <a href=\"https:\/\/www.cne.cl\/es\/wp-json\/wp\/v2\/pages\/13387\" class=\"qtranxs-available-language-link qtranxs-available-language-link-es\" title=\"Espa\u00f1ol\">European Spanish<\/a>.<\/p>","protected":false},"excerpt":{"rendered":"<p>Sorry, this entry is only available in European Spanish.<\/p>\n","protected":false},"author":3,"featured_media":13403,"parent":13389,"menu_order":0,"comment_status":"closed","ping_status":"closed","template":"entrada-prensa.php","meta":[],"_links":{"self":[{"href":"https:\/\/www.cne.cl\/en\/wp-json\/wp\/v2\/pages\/13387"}],"collection":[{"href":"https:\/\/www.cne.cl\/en\/wp-json\/wp\/v2\/pages"}],"about":[{"href":"https:\/\/www.cne.cl\/en\/wp-json\/wp\/v2\/types\/page"}],"author":[{"embeddable":true,"href":"https:\/\/www.cne.cl\/en\/wp-json\/wp\/v2\/users\/3"}],"replies":[{"embeddable":true,"href":"https:\/\/www.cne.cl\/en\/wp-json\/wp\/v2\/comments?post=13387"}],"version-history":[{"count":6,"href":"https:\/\/www.cne.cl\/en\/wp-json\/wp\/v2\/pages\/13387\/revisions"}],"predecessor-version":[{"id":13449,"href":"https:\/\/www.cne.cl\/en\/wp-json\/wp\/v2\/pages\/13387\/revisions\/13449"}],"up":[{"embeddable":true,"href":"https:\/\/www.cne.cl\/en\/wp-json\/wp\/v2\/pages\/13389"}],"wp:featuredmedia":[{"embeddable":true,"href":"https:\/\/www.cne.cl\/en\/wp-json\/wp\/v2\/media\/13403"}],"wp:attachment":[{"href":"https:\/\/www.cne.cl\/en\/wp-json\/wp\/v2\/media?parent=13387"}],"curies":[{"name":"wp","href":"https:\/\/api.w.org\/{rel}","templated":true}]}}