

{"id":11743,"date":"2017-03-02T09:49:28","date_gmt":"2017-03-02T12:49:28","guid":{"rendered":"http:\/\/www.cne.cl\/?page_id=11743"},"modified":"2017-03-22T12:07:37","modified_gmt":"2017-03-22T15:07:37","slug":"cne-sec-y-distribuidoras-participan-en-mision-publico-privada-sobre-nuevos-modelos-de-distribucion-electrica-y-redes-inteligentes-en-ee-uu","status":"publish","type":"page","link":"https:\/\/www.cne.cl\/en\/prensa\/prensa-2017\/marzo-2017\/cne-sec-y-distribuidoras-participan-en-mision-publico-privada-sobre-nuevos-modelos-de-distribucion-electrica-y-redes-inteligentes-en-ee-uu\/","title":{"rendered":"(Espa\u00f1ol) CNE, SEC Y DISTRIBUIDORAS PARTICIPAN EN MISI\u00d3N P\u00daBLICO-PRIVADA SOBRE NUEVOS MODELOS DE DISTRIBUCI\u00d3N EL\u00c9CTRICA Y REDES INTELIGENTES EN EE.UU."},"content":{"rendered":"<p class=\"qtranxs-available-languages-message qtranxs-available-languages-message-en\">Sorry, this entry is only available in <a href=\"https:\/\/www.cne.cl\/es\/wp-json\/wp\/v2\/pages\/11743\" class=\"qtranxs-available-language-link qtranxs-available-language-link-es\" title=\"Espa\u00f1ol\">European Spanish<\/a>.<\/p>","protected":false},"excerpt":{"rendered":"<p>Sorry, this entry is only available in European Spanish.<\/p>\n","protected":false},"author":3,"featured_media":11755,"parent":11740,"menu_order":1,"comment_status":"closed","ping_status":"closed","template":"entrada-prensa.php","meta":[],"_links":{"self":[{"href":"https:\/\/www.cne.cl\/en\/wp-json\/wp\/v2\/pages\/11743"}],"collection":[{"href":"https:\/\/www.cne.cl\/en\/wp-json\/wp\/v2\/pages"}],"about":[{"href":"https:\/\/www.cne.cl\/en\/wp-json\/wp\/v2\/types\/page"}],"author":[{"embeddable":true,"href":"https:\/\/www.cne.cl\/en\/wp-json\/wp\/v2\/users\/3"}],"replies":[{"embeddable":true,"href":"https:\/\/www.cne.cl\/en\/wp-json\/wp\/v2\/comments?post=11743"}],"version-history":[{"count":7,"href":"https:\/\/www.cne.cl\/en\/wp-json\/wp\/v2\/pages\/11743\/revisions"}],"predecessor-version":[{"id":11904,"href":"https:\/\/www.cne.cl\/en\/wp-json\/wp\/v2\/pages\/11743\/revisions\/11904"}],"up":[{"embeddable":true,"href":"https:\/\/www.cne.cl\/en\/wp-json\/wp\/v2\/pages\/11740"}],"wp:featuredmedia":[{"embeddable":true,"href":"https:\/\/www.cne.cl\/en\/wp-json\/wp\/v2\/media\/11755"}],"wp:attachment":[{"href":"https:\/\/www.cne.cl\/en\/wp-json\/wp\/v2\/media?parent=11743"}],"curies":[{"name":"wp","href":"https:\/\/api.w.org\/{rel}","templated":true}]}}