

{"id":11287,"date":"2017-01-19T17:31:03","date_gmt":"2017-01-19T20:31:03","guid":{"rendered":"http:\/\/www.cne.cl\/?page_id=11287"},"modified":"2017-03-31T16:10:19","modified_gmt":"2017-03-31T19:10:19","slug":"secretario-ejecutivo-de-la-comision-nacional-de-energia-constituye-consejo-consultivo-de-la-sociedad-civil","status":"publish","type":"page","link":"https:\/\/www.cne.cl\/en\/prensa\/prensa-2017\/enero-2017\/secretario-ejecutivo-de-la-comision-nacional-de-energia-constituye-consejo-consultivo-de-la-sociedad-civil\/","title":{"rendered":"(Espa\u00f1ol) Secretario Ejecutivo de la Comisi\u00f3n Nacional de Energ\u00eda constituye Consejo Consultivo de la Sociedad Civil."},"content":{"rendered":"<p class=\"qtranxs-available-languages-message qtranxs-available-languages-message-en\">Sorry, this entry is only available in <a href=\"https:\/\/www.cne.cl\/es\/wp-json\/wp\/v2\/pages\/11287\" class=\"qtranxs-available-language-link qtranxs-available-language-link-es\" title=\"Espa\u00f1ol\">European Spanish<\/a>.<\/p>","protected":false},"excerpt":{"rendered":"<p>Sorry, this entry is only available in European Spanish.<\/p>\n","protected":false},"author":3,"featured_media":11288,"parent":10958,"menu_order":3,"comment_status":"closed","ping_status":"closed","template":"entrada-prensa.php","meta":[],"_links":{"self":[{"href":"https:\/\/www.cne.cl\/en\/wp-json\/wp\/v2\/pages\/11287"}],"collection":[{"href":"https:\/\/www.cne.cl\/en\/wp-json\/wp\/v2\/pages"}],"about":[{"href":"https:\/\/www.cne.cl\/en\/wp-json\/wp\/v2\/types\/page"}],"author":[{"embeddable":true,"href":"https:\/\/www.cne.cl\/en\/wp-json\/wp\/v2\/users\/3"}],"replies":[{"embeddable":true,"href":"https:\/\/www.cne.cl\/en\/wp-json\/wp\/v2\/comments?post=11287"}],"version-history":[{"count":3,"href":"https:\/\/www.cne.cl\/en\/wp-json\/wp\/v2\/pages\/11287\/revisions"}],"predecessor-version":[{"id":12066,"href":"https:\/\/www.cne.cl\/en\/wp-json\/wp\/v2\/pages\/11287\/revisions\/12066"}],"up":[{"embeddable":true,"href":"https:\/\/www.cne.cl\/en\/wp-json\/wp\/v2\/pages\/10958"}],"wp:featuredmedia":[{"embeddable":true,"href":"https:\/\/www.cne.cl\/en\/wp-json\/wp\/v2\/media\/11288"}],"wp:attachment":[{"href":"https:\/\/www.cne.cl\/en\/wp-json\/wp\/v2\/media?parent=11287"}],"curies":[{"name":"wp","href":"https:\/\/api.w.org\/{rel}","templated":true}]}}