

{"id":11133,"date":"2017-01-12T15:22:50","date_gmt":"2017-01-12T18:22:50","guid":{"rendered":"http:\/\/www.cne.cl\/?page_id=11133"},"modified":"2017-01-25T18:03:27","modified_gmt":"2017-01-25T21:03:27","slug":"ministro-de-energia-encabeza-presentacion-oficial-del-coordinador-electrico-nacional","status":"publish","type":"page","link":"https:\/\/www.cne.cl\/en\/prensa\/prensa-2017\/enero-2017\/ministro-de-energia-encabeza-presentacion-oficial-del-coordinador-electrico-nacional\/","title":{"rendered":"(Espa\u00f1ol) Ministro de Energ\u00eda encabeza presentaci\u00f3n oficial del Coordinador El\u00e9ctrico Nacional"},"content":{"rendered":"<p class=\"qtranxs-available-languages-message qtranxs-available-languages-message-en\">Sorry, this entry is only available in <a href=\"https:\/\/www.cne.cl\/es\/wp-json\/wp\/v2\/pages\/11133\" class=\"qtranxs-available-language-link qtranxs-available-language-link-es\" title=\"Espa\u00f1ol\">European Spanish<\/a>.<\/p>","protected":false},"excerpt":{"rendered":"<p>Sorry, this entry is only available in European Spanish.<\/p>\n","protected":false},"author":3,"featured_media":11135,"parent":10958,"menu_order":1,"comment_status":"closed","ping_status":"closed","template":"entrada-prensa.php","meta":[],"_links":{"self":[{"href":"https:\/\/www.cne.cl\/en\/wp-json\/wp\/v2\/pages\/11133"}],"collection":[{"href":"https:\/\/www.cne.cl\/en\/wp-json\/wp\/v2\/pages"}],"about":[{"href":"https:\/\/www.cne.cl\/en\/wp-json\/wp\/v2\/types\/page"}],"author":[{"embeddable":true,"href":"https:\/\/www.cne.cl\/en\/wp-json\/wp\/v2\/users\/3"}],"replies":[{"embeddable":true,"href":"https:\/\/www.cne.cl\/en\/wp-json\/wp\/v2\/comments?post=11133"}],"version-history":[{"count":5,"href":"https:\/\/www.cne.cl\/en\/wp-json\/wp\/v2\/pages\/11133\/revisions"}],"predecessor-version":[{"id":11292,"href":"https:\/\/www.cne.cl\/en\/wp-json\/wp\/v2\/pages\/11133\/revisions\/11292"}],"up":[{"embeddable":true,"href":"https:\/\/www.cne.cl\/en\/wp-json\/wp\/v2\/pages\/10958"}],"wp:featuredmedia":[{"embeddable":true,"href":"https:\/\/www.cne.cl\/en\/wp-json\/wp\/v2\/media\/11135"}],"wp:attachment":[{"href":"https:\/\/www.cne.cl\/en\/wp-json\/wp\/v2\/media?parent=11133"}],"curies":[{"name":"wp","href":"https:\/\/api.w.org\/{rel}","templated":true}]}}