

{"id":10965,"date":"2017-01-05T10:02:44","date_gmt":"2017-01-05T13:02:44","guid":{"rendered":"http:\/\/www.cne.cl\/?page_id=10965"},"modified":"2017-03-31T16:13:27","modified_gmt":"2017-03-31T19:13:27","slug":"ministerio-de-energia-anuncia-termino-de-cobro-individual-por-corte-y-reposicion-de-luz","status":"publish","type":"page","link":"https:\/\/www.cne.cl\/en\/prensa\/prensa-2017\/enero-2017\/ministerio-de-energia-anuncia-termino-de-cobro-individual-por-corte-y-reposicion-de-luz\/","title":{"rendered":"(Espa\u00f1ol) Ministerio de Energ\u00eda anuncia t\u00e9rmino de cobro individual por \u201cCorte y Reposici\u00f3n&#8221; de luz"},"content":{"rendered":"<p class=\"qtranxs-available-languages-message qtranxs-available-languages-message-en\">Sorry, this entry is only available in <a href=\"https:\/\/www.cne.cl\/es\/wp-json\/wp\/v2\/pages\/10965\" class=\"qtranxs-available-language-link qtranxs-available-language-link-es\" title=\"Espa\u00f1ol\">European Spanish<\/a>.<\/p>","protected":false},"excerpt":{"rendered":"<p>Sorry, this entry is only available in European Spanish.<\/p>\n","protected":false},"author":3,"featured_media":10966,"parent":10958,"menu_order":2,"comment_status":"closed","ping_status":"closed","template":"entrada-prensa.php","meta":[],"_links":{"self":[{"href":"https:\/\/www.cne.cl\/en\/wp-json\/wp\/v2\/pages\/10965"}],"collection":[{"href":"https:\/\/www.cne.cl\/en\/wp-json\/wp\/v2\/pages"}],"about":[{"href":"https:\/\/www.cne.cl\/en\/wp-json\/wp\/v2\/types\/page"}],"author":[{"embeddable":true,"href":"https:\/\/www.cne.cl\/en\/wp-json\/wp\/v2\/users\/3"}],"replies":[{"embeddable":true,"href":"https:\/\/www.cne.cl\/en\/wp-json\/wp\/v2\/comments?post=10965"}],"version-history":[{"count":4,"href":"https:\/\/www.cne.cl\/en\/wp-json\/wp\/v2\/pages\/10965\/revisions"}],"predecessor-version":[{"id":12073,"href":"https:\/\/www.cne.cl\/en\/wp-json\/wp\/v2\/pages\/10965\/revisions\/12073"}],"up":[{"embeddable":true,"href":"https:\/\/www.cne.cl\/en\/wp-json\/wp\/v2\/pages\/10958"}],"wp:featuredmedia":[{"embeddable":true,"href":"https:\/\/www.cne.cl\/en\/wp-json\/wp\/v2\/media\/10966"}],"wp:attachment":[{"href":"https:\/\/www.cne.cl\/en\/wp-json\/wp\/v2\/media?parent=10965"}],"curies":[{"name":"wp","href":"https:\/\/api.w.org\/{rel}","templated":true}]}}